{"id":4232,"date":"2023-11-27T09:10:00","date_gmt":"2023-11-27T09:10:00","guid":{"rendered":"https:\/\/castinginternationalcomposites.com\/product\/sable-42-x-60-x-1-1-8-drain-central-arriere\/"},"modified":"2023-12-11T01:08:32","modified_gmt":"2023-12-11T01:08:32","slug":"sable-42-x-60-x-1-1-8-drain-central-arriere","status":"publish","type":"product","link":"https:\/\/castinginternationalcomposites.com\/fr\/product\/sable-42-x-60-x-1-1-8-drain-central-arriere\/","title":{"rendered":"Sable &#8211; 42&#8243; x 60&#8243; x 1-1\/8&#8243; Drain Central arri\u00e8re"},"content":{"rendered":"<p>Modernisez votre douche avec la base de douche CASTICO en Pierre Composite solide. Faite d&#8217;un m\u00e9lange exclusif de min\u00e9raux et de r\u00e9sine li\u00e9s ensemble pour cr\u00e9er une surface solide, durable et l\u00e9g\u00e8re. L&#8217;\u00e9paisseur de 1-1\/8\u2033 (2.85 cm) facilite l&#8217;acc\u00e8s. La finition textur\u00e9e antid\u00e9rapante aide \u00e0 \u00e9viter les glissades, tout en gardant un style \u00e9l\u00e9gant et sophistiqu\u00e9. Modernisez votre douche et r\u00e9novez-la en quelques \u00e9tapes: imperm\u00e9abilisez, mesurez, nivelez, installez et scellez.<\/p>\n<p>Comprend<br \/>\nBase De Douche<br \/>\nBride d&#8217;\u00e9tanch\u00e9it\u00e9 (3 pc)<br \/>\nDrain Couvercle<\/p>\n","protected":false},"excerpt":{"rendered":"<p>Black Onyx &#8211; Base De Douche &#8211; Sable<\/p>\n","protected":false},"featured_media":673,"template":"","meta":[],"product_cat":[84],"product_tag":[],"class_list":{"0":"post-4232","1":"product","2":"type-product","3":"status-publish","4":"has-post-thumbnail","6":"product_cat-bases-de-douches","7":"pa_dimension-nom-42-x-60-x-1-1-8-fr","9":"first","10":"instock","11":"taxable","12":"shipping-taxable","13":"purchasable","14":"product-type-variable","15":"has-default-attributes"},"_links":{"self":[{"href":"https:\/\/castinginternationalcomposites.com\/fr\/wp-json\/wp\/v2\/product\/4232","targetHints":{"allow":["GET"]}}],"collection":[{"href":"https:\/\/castinginternationalcomposites.com\/fr\/wp-json\/wp\/v2\/product"}],"about":[{"href":"https:\/\/castinginternationalcomposites.com\/fr\/wp-json\/wp\/v2\/types\/product"}],"wp:featuredmedia":[{"embeddable":true,"href":"https:\/\/castinginternationalcomposites.com\/fr\/wp-json\/wp\/v2\/media\/673"}],"wp:attachment":[{"href":"https:\/\/castinginternationalcomposites.com\/fr\/wp-json\/wp\/v2\/media?parent=4232"}],"wp:term":[{"taxonomy":"product_cat","embeddable":true,"href":"https:\/\/castinginternationalcomposites.com\/fr\/wp-json\/wp\/v2\/product_cat?post=4232"},{"taxonomy":"product_tag","embeddable":true,"href":"https:\/\/castinginternationalcomposites.com\/fr\/wp-json\/wp\/v2\/product_tag?post=4232"}],"curies":[{"name":"wp","href":"https:\/\/api.w.org\/{rel}","templated":true}]}}