{"id":4185,"date":"2023-10-30T09:22:42","date_gmt":"2023-10-30T09:22:42","guid":{"rendered":"https:\/\/castinginternationalcomposites.com\/politique-de-confidentialite\/"},"modified":"2023-12-10T23:42:13","modified_gmt":"2023-12-10T23:42:13","slug":"politique-de-confidentialite","status":"publish","type":"page","link":"https:\/\/castinginternationalcomposites.com\/fr\/politique-de-confidentialite\/","title":{"rendered":"Politique de Confidentialit\u00e9"},"content":{"rendered":"<div class=\"wpb-content-wrapper\">[vc_row][vc_column][vc_row_inner][vc_column_inner][vc_column_text]\n<p class=\"font_8\">La protection de vos informations priv\u00e9es est notre priorit\u00e9. Cette d\u00e9claration de confidentialit\u00e9 s&#8217;applique \u00e0 castico-tx.com et CASTING INTERNATIONAL COMPOSITES et r\u00e9git la collecte et l&#8217;utilisation des donn\u00e9es. Aux fins de la pr\u00e9sente Politique de confidentialit\u00e9, sauf indication contraire, toutes les r\u00e9f\u00e9rences \u00e0 CASTING INTERNATIONAL COMPOSITES incluent castico-tx.com et CASTING INTERNATIONAL COMPOSITES. Le site CASTICO est un site produits.<\/p>\n<p class=\"font_8\">Nous ne collectons aucune information personnelle vous concernant, sauf si vous nous les fournissez volontairement.<\/p>\n<p class=\"font_8\"><strong>Partage d&#8217;informations avec des tiers<\/strong><\/p>\n<p class=\"font_8\">CASTICO does not CASTICO ne vend pas, ne loue pas ou ne loue pas d&#8217;informations \u00e0 des tiers., rent or lease information to third parties.<\/p>\n<p class=\"font_8\">CASTICO peut partager des donn\u00e9es avec des partenaires de confiance pour vous aider \u00e0 effectuer des analyses statistiques, vous envoyer un e-mail ou un courrier postal, fournir une assistance client ou organiser les livraisons. Il est interdit \u00e0 tous ces tiers d&#8217;utiliser vos informations personnelles, sauf pour fournir ces services \u00e0 CASTICO, et ils sont tenus de maintenir la confidentialit\u00e9 de vos informations.<\/p>\n<p class=\"font_8\"><strong>Suivi du comportement des utilisateurs<\/strong><\/p>\n<p class=\"font_8\">CASTICO peut garder une trace des sites Web et des pages que nos utilisateurs visitent au sein de CASTICO, afin de d\u00e9terminer quels services CASTICO sont les plus populaires. Ces donn\u00e9es sont utilis\u00e9es pour fournir du contenu et des publicit\u00e9s personnalis\u00e9s au sein de CASTICO aux clients dont le comportement indique qu&#8217;ils sont int\u00e9ress\u00e9s par un domaine particulier.<\/p>\n<p class=\"font_8\">Nous utilisons des services tiers pour suivre le comportement des utilisateurs. Les services utilis\u00e9s comprennent, sans toutefois s&#8217;y limiter<\/p>\n<ul class=\"font_8\">\n<li>\n<p class=\"font_8\">Google Analytics<\/p>\n<\/li>\n<\/ul>\n<p class=\"font_8\"><strong>Informations collect\u00e9es automatiquement<\/strong><\/p>\n<p class=\"font_8\">Les informations sur votre mat\u00e9riel informatique et vos logiciels peuvent \u00eatre automatiquement collect\u00e9es par CASTICO. Ces informations peuvent inclure : votre adresse IP, votre type de navigateur, vos noms de domaine, vos heures d&#8217;acc\u00e8s et les adresses des sites Web r\u00e9f\u00e9rents. Ces informations sont utilis\u00e9es pour le fonctionnement du service, pour maintenir la qualit\u00e9 du service et pour fournir des statistiques g\u00e9n\u00e9rales concernant l&#8217;utilisation du site CASTICO.<\/p>\n<p class=\"font_8\">\u200d<\/p>\n<p class=\"font_8\"><strong>utilisation de cookies<\/strong><\/p>\n<p class=\"font_8\">Le site Web CASTICO peut utiliser des \u00ab cookies \u00bb pour vous aider \u00e0 personnaliser votre exp\u00e9rience en ligne. Un cookie est un fichier texte plac\u00e9 sur votre disque dur par un serveur de pages Web. Les cookies ne peuvent pas \u00eatre utilis\u00e9s pour ex\u00e9cuter des programmes ou transmettre des virus \u00e0 votre ordinateur. Les cookies vous sont attribu\u00e9s de mani\u00e8re unique et ne peuvent \u00eatre lus que par un serveur Web du domaine qui vous a envoy\u00e9 le cookie.<\/p>\n<p class=\"font_8\">L&#8217;un des principaux objectifs des cookies est de fournir une fonctionnalit\u00e9 pratique pour vous faire gagner du temps. Le but d&#8217;un cookie est d&#8217;indiquer au serveur Web que vous \u00eates revenu sur une page sp\u00e9cifique.<\/p>\n<p class=\"font_8\">Vous avez la possibilit\u00e9 d&#8217;accepter ou de refuser les cookies. La plupart des navigateurs Web acceptent automatiquement les cookies, mais vous pouvez g\u00e9n\u00e9ralement modifier les param\u00e8tres de votre navigateur pour refuser les cookies si vous pr\u00e9f\u00e9rez. Si vous choisissez de refuser les cookies, vous ne pourrez peut-\u00eatre pas profiter pleinement des fonctionnalit\u00e9s interactives des services CASTICO ou des sites Web que vous visitez.<\/p>\n<p class=\"font_8\"><strong>Links<\/strong><\/p>\n<p class=\"font_8\">Ce site contient des liens vers d&#8217;autres sites. Veuillez noter que nous ne sommes pas responsables du contenu ou des pratiques de confidentialit\u00e9 de ces autres sites. Nous encourageons nos utilisateurs \u00e0 \u00eatre vigilants lorsqu&#8217;ils quittent notre site et \u00e0 lire les d\u00e9clarations de confidentialit\u00e9 de tout autre site collectant des informations personnellement identifiables.<\/p>\n<p class=\"font_8\">S\u00e9curit\u00e9 de vos informations personnelles<\/p>\n<p class=\"font_8\">CASTICO prot\u00e8ge vos informations personnelles contre tout acc\u00e8s, utilisation ou divulgation non autoris\u00e9s. CASTICO utilise \u00e0 cet effet les m\u00e9thodes suivantes<\/p>\n<ul class=\"font_8\">\n<li>\n<p class=\"font_8\"> SSLProtocol<\/p>\n<\/li>\n<\/ul>\n<p class=\"font_8\">Lorsque des informations personnelles (telles qu&#8217;un num\u00e9ro de carte de cr\u00e9dit) sont transmises \u00e0 d&#8217;autres sites Web, elles sont prot\u00e9g\u00e9es par l&#8217;utilisation d&#8217;un cryptage, tel que le protocole Secure Sockets Layer (SSL).<\/p>\n<p class=\"font_8\">Nous nous effor\u00e7ons de prendre des mesures de s\u00e9curit\u00e9 appropri\u00e9es pour vous prot\u00e9ger contre tout acc\u00e8s non autoris\u00e9 ou toute modification de vos informations personnelles. Malheureusement, aucune transmission de donn\u00e9es sur Internet ou tout autre r\u00e9seau sans fil ne peut \u00eatre garantie comme \u00e9tant s\u00e9curis\u00e9e \u00e0 100 %. Par cons\u00e9quent, m\u00eame si nous nous effor\u00e7ons de prot\u00e9ger vos informations personnelles, vous reconnaissez que : (a) il existe des limitations de s\u00e9curit\u00e9 et de confidentialit\u00e9 inh\u00e9rentes \u00e0 Internet qui \u00e9chappent \u00e0 notre contr\u00f4le ; et (b) la s\u00e9curit\u00e9, l&#8217;int\u00e9grit\u00e9 et la confidentialit\u00e9 de toutes les informations et donn\u00e9es \u00e9chang\u00e9es entre vous et nous via ce site ne peuvent \u00eatre garanties.<\/p>\n<p class=\"font_8\">Droit de suppression<\/p>\n<p class=\"font_8\">Sous r\u00e9serve de certaines exceptions \u00e9nonc\u00e9es ci-dessous, d\u00e8s r\u00e9ception d&#8217;une demande v\u00e9rifiable de votre part, nous :<\/p>\n<ul class=\"font_8\">\n<li>\n<p class=\"font_8\">Supprimer vos informations personnelles de nos dossiers ; et<\/p>\n<\/li>\n<li>\n<p class=\"font_8\">Demandez \u00e0 tous les fournisseurs de services de supprimer vos informations personnelles de leurs dossiers.<\/p>\n<\/li>\n<\/ul>\n<p class=\"font_8\">Veuillez noter que nous pourrions ne pas \u00eatre en mesure de r\u00e9pondre aux demandes de suppression de vos informations personnelles si cela est n\u00e9cessaire pour :<\/p>\n<ul class=\"font_8\">\n<li>\n<p class=\"font_8\">Exercer la libert\u00e9 d&#8217;expression, garantir le droit d&#8217;un autre consommateur d&#8217;exercer son droit \u00e0 la libert\u00e9 d&#8217;expression ou exercer un autre droit pr\u00e9vu par la loi ;<\/p>\n<\/li>\n<li>\n<p class=\"font_8\">Se conformer \u00e0 la California ElectronicCommunications Privacy Act ;<\/p>\n<\/li>\n<li>\n<p class=\"font_8\">S&#8217;engager dans des recherches scientifiques, historiques ou statistiques publiques ou \u00e9valu\u00e9es par des pairs dans l&#8217;int\u00e9r\u00eat public et dans le respect de toutes les autres lois applicables en mati\u00e8re d&#8217;\u00e9thique et de confidentialit\u00e9, lorsque notre suppression des informations est susceptible de rendre impossible ou de nuire s\u00e9rieusement \u00e0 la r\u00e9alisation d&#8217;une telle recherche, \u00e0 condition que nous avons obtenu votre consentement \u00e9clair\u00e9 ;<\/p>\n<\/li>\n<li>\n<p class=\"font_8\">Permettre uniquement des utilisations internes raisonnablement align\u00e9es sur vos attentes en fonction de votre relation avec nous ;<\/p>\n<\/li>\n<li>\n<p class=\"font_8\">Se conformer \u00e0 une obligation l\u00e9gale existante<\/p>\n<\/li>\n<li>\n<p class=\"font_8\">Sinon, utilisez vos informations personnelles, en interne, d&#8217;une mani\u00e8re licite et compatible avec le contexte dans lequel vous avez fourni les informations.<\/p>\n<\/li>\n<\/ul>\n<p class=\"font_8\"><strong>Enfants de moins de treize ans<\/strong><\/p>\n<p class=\"font_8\">CASTICO ne collecte pas sciemment d&#8217;informations personnelles identifiables aupr\u00e8s d&#8217;enfants de moins de treize ans. Si vous avez moins de treize ans, vous devez demander \u00e0 votre parent ou tuteur la permission d&#8217;utiliser ce site Web.<\/p>\n<p class=\"font_8\"><strong>Sites de stockage de donn\u00e9es externes<\/strong><\/p>\n<p class=\"font_8\">Nous pouvons stocker vos donn\u00e9es sur des serveurs fournis par des fournisseurs d&#8217;h\u00e9bergement tiers avec lesquels nous avons conclu un contrat.<\/p>\n<p class=\"font_8\"><strong>Modifications apport\u00e9es \u00e0 cette d\u00e9claration<\/strong><\/p>\n<p class=\"font_8\">CASTICO se r\u00e9serve le droit de modifier cette politique de confidentialit\u00e9 de temps \u00e0 autre. Nous vous informerons des changements importants dans la fa\u00e7on dont nous traitons les informations personnelles en envoyant un avis \u00e0 l&#8217;adresse e-mail principale sp\u00e9cifi\u00e9e dans votre compte, en pla\u00e7ant un avis bien visible sur notre site Web et\/ou en mettant \u00e0 jour toute information de confidentialit\u00e9. Votre utilisation continue du site Web et\/ou des services disponibles apr\u00e8s de telles modifications constituera votre : (a) la reconnaissance de la politique de confidentialit\u00e9 modifi\u00e9e ; et (b) un accord pour respecter et \u00eatre li\u00e9 par cette politique.<\/p>\n<p class=\"font_8\"><strong>Contact Pour des Informations<\/strong><\/p>\n<p class=\"font_8\">CASTICO accueille vos questions ou commentaires concernant cette d\u00e9claration de confidentialit\u00e9. Si vous pensez que CASTICO n&#8217;a pas respect\u00e9 cette d\u00e9claration, veuillez contacter CASTICO \u00e0 l&#8217;adresse :<\/p>\n<p class=\"font_8\">CASTING INTERNATIONAL COMPOSITES, LLC<\/p>\n<p class=\"font_8\">1704 Haggars St, Weslaco, TX 78599<\/p>\n<p class=\"font_8\">Email Address:<\/p>\n<p class=\"font_8\"><a>contact@castico-tx.com<\/a><\/p>\n<p class=\"font_8\">Numnero de de t\u00e9l\u00e9phone:<\/p>\n<p class=\"font_8\"><a>(844) 364-2502<\/a><\/p>\n<p class=\"font_8\">En vigueur \u00e0 compter du 8 d\u00e9cembre 2021<\/p>\n[\/vc_column_text][\/vc_column_inner][\/vc_row_inner][\/vc_column][\/vc_row]\n<\/div>","protected":false},"excerpt":{"rendered":"<p>[vc_row][vc_column][vc_row_inner][vc_column_inner][vc_column_text] La protection de vos informations priv\u00e9es est notre priorit\u00e9. Cette d\u00e9claration de confidentialit\u00e9 s&#8217;applique [&hellip;]<\/p>\n","protected":false},"author":1,"featured_media":0,"parent":0,"menu_order":0,"comment_status":"closed","ping_status":"open","template":"","meta":{"footnotes":""},"class_list":["post-4185","page","type-page","status-publish","hentry"],"_links":{"self":[{"href":"https:\/\/castinginternationalcomposites.com\/fr\/wp-json\/wp\/v2\/pages\/4185","targetHints":{"allow":["GET"]}}],"collection":[{"href":"https:\/\/castinginternationalcomposites.com\/fr\/wp-json\/wp\/v2\/pages"}],"about":[{"href":"https:\/\/castinginternationalcomposites.com\/fr\/wp-json\/wp\/v2\/types\/page"}],"author":[{"embeddable":true,"href":"https:\/\/castinginternationalcomposites.com\/fr\/wp-json\/wp\/v2\/users\/1"}],"replies":[{"embeddable":true,"href":"https:\/\/castinginternationalcomposites.com\/fr\/wp-json\/wp\/v2\/comments?post=4185"}],"version-history":[{"count":2,"href":"https:\/\/castinginternationalcomposites.com\/fr\/wp-json\/wp\/v2\/pages\/4185\/revisions"}],"predecessor-version":[{"id":4187,"href":"https:\/\/castinginternationalcomposites.com\/fr\/wp-json\/wp\/v2\/pages\/4185\/revisions\/4187"}],"wp:attachment":[{"href":"https:\/\/castinginternationalcomposites.com\/fr\/wp-json\/wp\/v2\/media?parent=4185"}],"curies":[{"name":"wp","href":"https:\/\/api.w.org\/{rel}","templated":true}]}}