{"id":4172,"date":"2023-11-27T09:24:04","date_gmt":"2023-11-27T09:24:04","guid":{"rendered":"https:\/\/castinginternationalcomposites.com\/support\/"},"modified":"2023-12-13T04:22:29","modified_gmt":"2023-12-13T04:22:29","slug":"support","status":"publish","type":"page","link":"https:\/\/castinginternationalcomposites.com\/fr\/support\/","title":{"rendered":"Support"},"content":{"rendered":"<div class=\"wpb-content-wrapper\">[vc_row equal_height=&#8221;yes&#8221; content_placement=&#8221;middle&#8221; type=&#8221;full_width_background&#8221; full_screen_row_position=&#8221;middle&#8221; column_margin=&#8221;default&#8221; column_direction=&#8221;default&#8221; column_direction_tablet=&#8221;default&#8221; column_direction_phone=&#8221;default&#8221; scene_position=&#8221;center&#8221; top_padding=&#8221;7%&#8221; constrain_group_1=&#8221;yes&#8221; bottom_padding=&#8221;7%&#8221; text_color=&#8221;dark&#8221; text_align=&#8221;left&#8221; row_border_radius=&#8221;none&#8221; row_border_radius_applies=&#8221;bg&#8221; overflow=&#8221;visible&#8221; overlay_strength=&#8221;0.3&#8243; gradient_direction=&#8221;left_to_right&#8221; shape_divider_position=&#8221;bottom&#8221; bg_image_animation=&#8221;none&#8221; gradient_type=&#8221;default&#8221; shape_type=&#8221;&#8221; css=&#8221;.vc_custom_1702027439206{padding-top: 5% !important;padding-bottom: 5% !important;}&#8221;][vc_column column_padding=&#8221;no-extra-padding&#8221; column_padding_tablet=&#8221;inherit&#8221; column_padding_phone=&#8221;inherit&#8221; column_padding_position=&#8221;all&#8221; column_element_direction_desktop=&#8221;default&#8221; column_element_spacing=&#8221;default&#8221; desktop_text_alignment=&#8221;default&#8221; tablet_text_alignment=&#8221;default&#8221; phone_text_alignment=&#8221;default&#8221; background_color_opacity=&#8221;1&#8243; background_hover_color_opacity=&#8221;1&#8243; column_backdrop_filter=&#8221;none&#8221; column_shadow=&#8221;none&#8221; column_border_radius=&#8221;none&#8221; column_link_target=&#8221;_self&#8221; column_position=&#8221;default&#8221; gradient_direction=&#8221;left_to_right&#8221; overlay_strength=&#8221;0.3&#8243; tablet_width_inherit=&#8221;default&#8221; animation_type=&#8221;default&#8221; bg_image_animation=&#8221;none&#8221; border_type=&#8221;simple&#8221; column_border_width=&#8221;none&#8221; column_border_style=&#8221;solid&#8221;][vc_row_inner column_margin=&#8221;default&#8221; column_direction=&#8221;default&#8221; column_direction_tablet=&#8221;default&#8221; column_direction_phone=&#8221;default&#8221; text_align=&#8221;left&#8221; row_position=&#8221;default&#8221; row_position_tablet=&#8221;inherit&#8221; row_position_phone=&#8221;inherit&#8221; overflow=&#8221;visible&#8221; pointer_events=&#8221;all&#8221;][vc_column_inner width=&#8221;1\/2&#8243; column_padding=&#8221;no-extra-padding&#8221; column_padding_tablet=&#8221;inherit&#8221; column_padding_phone=&#8221;inherit&#8221; column_padding_position=&#8221;all&#8221; column_element_direction_desktop=&#8221;default&#8221; column_element_spacing=&#8221;default&#8221; desktop_text_alignment=&#8221;default&#8221; tablet_text_alignment=&#8221;default&#8221; phone_text_alignment=&#8221;default&#8221; background_color_opacity=&#8221;1&#8243; background_hover_color_opacity=&#8221;1&#8243; column_backdrop_filter=&#8221;none&#8221; column_shadow=&#8221;none&#8221; column_border_radius=&#8221;none&#8221; column_link_target=&#8221;_self&#8221; overflow=&#8221;visible&#8221; gradient_direction=&#8221;left_to_right&#8221; overlay_strength=&#8221;0.3&#8243; tablet_width_inherit=&#8221;default&#8221; animation_type=&#8221;default&#8221; bg_image_animation=&#8221;none&#8221; border_type=&#8221;simple&#8221; column_border_width=&#8221;none&#8221; column_border_style=&#8221;solid&#8221;][vc_custom_heading text=&#8221;Support&#8221; font_container=&#8221;tag:h1|text_align:left|color:%230a0a0a&#8221; use_theme_fonts=&#8221;yes&#8221;][vc_custom_heading text=&#8221;R\u00e9solvez un probl\u00e8me, identifiez votre produit, lisez les conseils d&#8217;experts et recherchez des informations sur la garantie.&#8221; font_container=&#8221;tag:h2|text_align:left|color:%230a0a0a&#8221; use_theme_fonts=&#8221;yes&#8221;][\/vc_column_inner][vc_column_inner width=&#8221;1\/2&#8243; column_padding=&#8221;no-extra-padding&#8221; column_padding_tablet=&#8221;inherit&#8221; column_padding_phone=&#8221;inherit&#8221; column_padding_position=&#8221;all&#8221; column_element_direction_desktop=&#8221;default&#8221; column_element_spacing=&#8221;default&#8221; desktop_text_alignment=&#8221;default&#8221; tablet_text_alignment=&#8221;default&#8221; phone_text_alignment=&#8221;default&#8221; background_color_opacity=&#8221;1&#8243; background_hover_color_opacity=&#8221;1&#8243; column_backdrop_filter=&#8221;none&#8221; column_shadow=&#8221;none&#8221; column_border_radius=&#8221;none&#8221; column_link_target=&#8221;_self&#8221; overflow=&#8221;visible&#8221; gradient_direction=&#8221;left_to_right&#8221; overlay_strength=&#8221;0.3&#8243; tablet_width_inherit=&#8221;default&#8221; animation_type=&#8221;default&#8221; bg_image_animation=&#8221;none&#8221; border_type=&#8221;simple&#8221; column_border_width=&#8221;none&#8221; column_border_style=&#8221;solid&#8221;][vc_single_image image=&#8221;2036&#8243; img_size=&#8221;full&#8221; alignment=&#8221;right&#8221;][\/vc_column_inner][\/vc_row_inner][\/vc_column][\/vc_row][vc_row type=&#8221;in_container&#8221; full_screen_row_position=&#8221;middle&#8221; column_margin=&#8221;default&#8221; column_direction=&#8221;default&#8221; column_direction_tablet=&#8221;default&#8221; column_direction_phone=&#8221;default&#8221; scene_position=&#8221;center&#8221; text_color=&#8221;dark&#8221; text_align=&#8221;left&#8221; row_border_radius=&#8221;none&#8221; row_border_radius_applies=&#8221;bg&#8221; overflow=&#8221;visible&#8221; overlay_strength=&#8221;0.3&#8243; gradient_direction=&#8221;left_to_right&#8221; shape_divider_position=&#8221;bottom&#8221; bg_image_animation=&#8221;none&#8221; css=&#8221;.vc_custom_1702026852921{padding-top: 5% !important;padding-bottom: 5% !important;}&#8221;][vc_column column_padding=&#8221;no-extra-padding&#8221; column_padding_tablet=&#8221;inherit&#8221; column_padding_phone=&#8221;inherit&#8221; column_padding_position=&#8221;all&#8221; column_element_direction_desktop=&#8221;default&#8221; column_element_spacing=&#8221;default&#8221; desktop_text_alignment=&#8221;default&#8221; tablet_text_alignment=&#8221;default&#8221; phone_text_alignment=&#8221;default&#8221; background_color_opacity=&#8221;1&#8243; background_hover_color_opacity=&#8221;1&#8243; column_backdrop_filter=&#8221;none&#8221; column_shadow=&#8221;none&#8221; column_border_radius=&#8221;none&#8221; column_link_target=&#8221;_self&#8221; column_position=&#8221;default&#8221; gradient_direction=&#8221;left_to_right&#8221; overlay_strength=&#8221;0.3&#8243; tablet_width_inherit=&#8221;default&#8221; animation_type=&#8221;default&#8221; bg_image_animation=&#8221;none&#8221; border_type=&#8221;simple&#8221; column_border_width=&#8221;none&#8221; column_border_style=&#8221;solid&#8221;][vc_row_inner][vc_column_inner width=&#8221;1\/2&#8243;][vc_custom_heading text=&#8221;Aide \u00e0 l&#8217;Installation&#8221; use_theme_fonts=&#8221;yes&#8221; el_class=&#8221;title-animated&#8221;][\/vc_column_inner][vc_column_inner width=&#8221;1\/2&#8243;][\/vc_column_inner][\/vc_row_inner][vc_tta_tabs alignment=&#8221;center&#8221; active_section=&#8221;1&#8243; css=&#8221;.vc_custom_1702026251702{padding-top: 5% !important;padding-bottom: 5% !important;}&#8221;][vc_tta_section title=&#8221;KIT DOUCHE ALCOVE&#8221; tab_id=&#8221;1702023085937-2551a4aa-34c7&#8243;][vc_row_inner content_placement=&#8221;middle&#8221; css=&#8221;.vc_custom_1702027008939{padding-top: 3% !important;padding-bottom: 3% !important;}&#8221;][vc_column_inner width=&#8221;1\/2&#8243;][vc_custom_heading text=&#8221;VIDEO D&#8217;INSTALLATION&#8221; font_container=&#8221;tag:h3|text_align:left|color:%230a0a0a&#8221; use_theme_fonts=&#8221;yes&#8221;][vc_video link=&#8221;https:\/\/youtu.be\/GHbbhsnuSTY&#8221;][\/vc_column_inner][vc_column_inner width=&#8221;1\/2&#8243;][vc_icon icon_fontawesome=&#8221;far fa-file-pdf&#8221; color=&#8221;black&#8221; size=&#8221;xl&#8221; align=&#8221;center&#8221;][vc_custom_heading text=&#8221;BASE DE DOUCHE<br \/>\nGUIDE D&#8217;INSTALLATION&#8221; font_container=&#8221;tag:h4|text_align:center&#8221; use_theme_fonts=&#8221;yes&#8221;][vc_column_text]\n<p style=\"text-align: center;\">Cliquer pour t\u00e9l\u00e9charger le guide.<\/p>\n[\/vc_column_text][\/vc_column_inner][\/vc_row_inner][\/vc_tta_section][vc_tta_section title=&#8221;BASE DE DOUCHE&#8221; tab_id=&#8221;1702024598498-c898f9c1-f4ec&#8221;][vc_row_inner content_placement=&#8221;middle&#8221;][vc_column_inner width=&#8221;1\/2&#8243;][vc_custom_heading text=&#8221;VIDEO D&#8217;INSTALLATION&#8221; font_container=&#8221;tag:h3|text_align:left|color:%230a0a0a&#8221; use_theme_fonts=&#8221;yes&#8221;][vc_video link=&#8221;https:\/\/www.youtube.com\/watch?v=H-QseYwrs6E&#8221;][\/vc_column_inner][vc_column_inner width=&#8221;1\/2&#8243;][vc_icon icon_fontawesome=&#8221;far fa-file-pdf&#8221; color=&#8221;black&#8221; size=&#8221;xl&#8221; align=&#8221;center&#8221;][vc_custom_heading text=&#8221;BASE DE DOUCHE<br \/>\nGUIDE D&#8217;INSTALLATION&#8221; font_container=&#8221;tag:h4|text_align:center&#8221; use_theme_fonts=&#8221;yes&#8221;][vc_column_text]\n<p style=\"text-align: center;\">Cliquer pour t\u00e9l\u00e9charger le guide.<\/p>\n[\/vc_column_text][\/vc_column_inner][\/vc_row_inner][\/vc_tta_section][vc_tta_section title=&#8221;BASE DE DOUCHE D&#8217;ANGLE&#8221; tab_id=&#8221;1702024634327-ffe49f1c-74a8&#8243;][vc_row_inner][vc_column_inner width=&#8221;1\/2&#8243;][vc_custom_heading text=&#8221;VIDEO D&#8217;INSTALLATION&#8221; font_container=&#8221;tag:h3|text_align:left|color:%230a0a0a&#8221; use_theme_fonts=&#8221;yes&#8221;][vc_video link=&#8221;https:\/\/www.youtube.com\/watch?v=H-QseYwrs6E&#8221;][\/vc_column_inner][vc_column_inner width=&#8221;1\/2&#8243;][vc_icon icon_fontawesome=&#8221;far fa-file-pdf&#8221; color=&#8221;black&#8221; size=&#8221;xl&#8221; align=&#8221;center&#8221;][vc_custom_heading text=&#8221;BASE DE DOUCHE<br \/>\nGUIDE D&#8217;INSTALLATION&#8221; font_container=&#8221;tag:h4|text_align:center&#8221; use_theme_fonts=&#8221;yes&#8221;][vc_column_text]\n<p style=\"text-align: center;\">Cliquer pour t\u00e9l\u00e9charger le guide.<\/p>\n[\/vc_column_text][\/vc_column_inner][\/vc_row_inner][\/vc_tta_section][vc_tta_section title=&#8221;BAIGNOIRE&#8221; tab_id=&#8221;1702024651575-6b058d10-59fc&#8221;][vc_row_inner content_placement=&#8221;middle&#8221;][vc_column_inner width=&#8221;1\/2&#8243;][vc_custom_heading text=&#8221;VIDEO D&#8217;INSTALLATION&#8221; font_container=&#8221;tag:h3|text_align:left|color:%230a0a0a&#8221; use_theme_fonts=&#8221;yes&#8221;][vc_video link=&#8221;https:\/\/youtu.be\/H-QseYwrs6E&#8221;][\/vc_column_inner][vc_column_inner width=&#8221;1\/2&#8243;][vc_icon icon_fontawesome=&#8221;far fa-file-pdf&#8221; color=&#8221;black&#8221; size=&#8221;xl&#8221; align=&#8221;center&#8221;][vc_custom_heading text=&#8221;BASE DE DOUCHE<br \/>\nGUIDE D&#8217;INSTALLATION&#8221; font_container=&#8221;tag:h4|text_align:center&#8221; use_theme_fonts=&#8221;yes&#8221;][vc_column_text]\n<p style=\"text-align: center;\">Cliquer pour t\u00e9l\u00e9charger le guide.<\/p>\n[\/vc_column_text][\/vc_column_inner][\/vc_row_inner][\/vc_tta_section][vc_tta_section title=&#8221;LAVABO&#8221; tab_id=&#8221;1702024715947-e97b5371-5e1a&#8221;][vc_row_inner content_placement=&#8221;middle&#8221;][vc_column_inner width=&#8221;1\/2&#8243;][vc_custom_heading text=&#8221;VIDEO D&#8217;INSTALLATION&#8221; font_container=&#8221;tag:h3|text_align:left|color:%230a0a0a&#8221; use_theme_fonts=&#8221;yes&#8221;][vc_video link=&#8221;https:\/\/youtu.be\/H-QseYwrs6E&#8221;][\/vc_column_inner][vc_column_inner width=&#8221;1\/2&#8243;][vc_icon icon_fontawesome=&#8221;far fa-file-pdf&#8221; color=&#8221;black&#8221; size=&#8221;xl&#8221; align=&#8221;center&#8221;][vc_custom_heading text=&#8221;BASE DE DOUCHE<br \/>\nGUIDE D&#8217;INSTALLATION&#8221; font_container=&#8221;tag:h4|text_align:center&#8221; use_theme_fonts=&#8221;yes&#8221;][vc_column_text]\n<p style=\"text-align: center;\">Cliquer pour t\u00e9l\u00e9charger le guide.<\/p>\n[\/vc_column_text][\/vc_column_inner][\/vc_row_inner][\/vc_tta_section][vc_tta_section title=&#8221;ACCESSOIRES&#8221; tab_id=&#8221;1702026720517-cb2deefb-79c2&#8243;][vc_row_inner content_placement=&#8221;middle&#8221;][vc_column_inner width=&#8221;1\/2&#8243;][vc_custom_heading text=&#8221;VIDEO D&#8217;INSTALLATION&#8221; font_container=&#8221;tag:h3|text_align:left|color:%230a0a0a&#8221; use_theme_fonts=&#8221;yes&#8221;][vc_video link=&#8221;https:\/\/youtu.be\/H-QseYwrs6E&#8221;][\/vc_column_inner][vc_column_inner width=&#8221;1\/2&#8243;][vc_icon icon_fontawesome=&#8221;far fa-file-pdf&#8221; color=&#8221;black&#8221; size=&#8221;xl&#8221; align=&#8221;center&#8221;][vc_custom_heading text=&#8221;BASE DE DOUCHE<br \/>\nGUIDE D&#8217;INSTALLATION&#8221; font_container=&#8221;tag:h4|text_align:center&#8221; use_theme_fonts=&#8221;yes&#8221;][vc_column_text]\n<p style=\"text-align: center;\">Cliquer pour t\u00e9l\u00e9charger le guide.<\/p>\n[\/vc_column_text][\/vc_column_inner][\/vc_row_inner][\/vc_tta_section][\/vc_tta_tabs][\/vc_column][\/vc_row][vc_row][vc_column][vc_row_inner][vc_column_inner width=&#8221;1\/2&#8243;][vc_custom_heading text=&#8221;NOUS CONTACTER&#8221; use_theme_fonts=&#8221;yes&#8221; el_class=&#8221;title-animated&#8221; el_id=&#8221;contact&#8221;][\/vc_column_inner][vc_column_inner width=&#8221;1\/2&#8243;][\/vc_column_inner][\/vc_row_inner][vc_row_inner et_column_align=&#8221;align-center&#8221;][vc_column_inner][vc_raw_html]JTNDJTIxLS0lMjBTdGFydCUyMG9mJTIwTGl2ZUFnZW50JTIwaW50ZWdyYXRpb24lMjBzY3JpcHQlM0ElMjBDb250YWN0JTIwZm9ybSUzQSUyMENhc3RpY28lMjBDb250YWN0JTIwRm9ybSUyMCUyOEYlMjklMjAtLSUzRSUwQSUzQ3NjcmlwdCUyMHR5cGUlM0QlMjJ0ZXh0JTJGamF2YXNjcmlwdCUyMiUzRSUwQSUyOGZ1bmN0aW9uJTI4ZCUyQyUyMHNyYyUyQyUyMGMlMjklMjAlN0IlMjB2YXIlMjB0JTNEZC5zY3JpcHRzJTVCZC5zY3JpcHRzLmxlbmd0aCUyMC0lMjAxJTVEJTJDcyUzRGQuY3JlYXRlRWxlbWVudCUyOCUyN3NjcmlwdCUyNyUyOSUzQnMuaWQlM0QlMjdsYV94MnM2ZGY4ZCUyNyUzQnMuZGVmZXIlM0R0cnVlJTNCcy5zcmMlM0RzcmMlM0JzLm9ubG9hZCUzRHMub25yZWFkeXN0YXRlY2hhbmdlJTNEZnVuY3Rpb24lMjglMjklN0J2YXIlMjBycyUzRHRoaXMucmVhZHlTdGF0ZSUzQmlmJTI4cnMlMjYlMjYlMjhycyUyMSUzRCUyN2NvbXBsZXRlJTI3JTI5JTI2JTI2JTI4cnMlMjElM0QlMjdsb2FkZWQlMjclMjklMjklN0JyZXR1cm4lM0IlN0RjJTI4dGhpcyUyOSUzQiU3RCUzQnQucGFyZW50RWxlbWVudC5pbnNlcnRCZWZvcmUlMjhzJTJDdC5uZXh0U2libGluZyUyOSUzQiU3RCUyOSUyOGRvY3VtZW50JTJDJTBBJTI3aHR0cHMlM0ElMkYlMkZjYXN0aWNvLmxhZGVzay5jb20lMkZzY3JpcHRzJTJGdHJhY2suanMlMjclMkMlMEFmdW5jdGlvbiUyOGUlMjklN0IlMjBMaXZlQWdlbnQuY3JlYXRlRm9ybSUyOCUyNzg4bG5nODE4JTI3JTJDJTIwZSUyOSUzQiUyMCU3RCUyOSUzQiUwQSUzQyUyRnNjcmlwdCUzRSUwQSUzQyUyMS0tJTIwRW5kJTIwb2YlMjBMaXZlQWdlbnQlMjBpbnRlZ3JhdGlvbiUyMHNjcmlwdCUyMC0tJTNFJTBB[\/vc_raw_html][\/vc_column_inner][\/vc_row_inner][\/vc_column][\/vc_row][vc_row css=&#8221;.vc_custom_1702223603854{padding-top: 3% !important;padding-bottom: 3% !important;}&#8221;][vc_column][vc_row_inner][vc_column_inner width=&#8221;1\/2&#8243;][vc_custom_heading text=&#8221;FAQ&#8221; use_theme_fonts=&#8221;yes&#8221; el_class=&#8221;title-animated&#8221;][\/vc_column_inner][vc_column_inner width=&#8221;1\/2&#8243;][\/vc_column_inner][\/vc_row_inner][vc_tta_accordion section_title_tag=&#8221;h3&#8243; active_section=&#8221;1&#8243; el_class=&#8221;faq&#8221;][vc_tta_section title=&#8221;Est-ce qu\u2019un kit de douche peut \u00eatre command\u00e9 avec un autre mod\u00e8le de base de douche?&#8221; tab_id=&#8221;1702222830091-2e51a489-732c&#8221;][vc_column_text]Contactez le service client au 844-364-2502 ou contact@castico-tx.com et nous vous accompagnerons dans votre projet.[\/vc_column_text][\/vc_tta_section][vc_tta_section title=&#8221;Il manque quelque chose dans le contenu de mon colis. Que puis-je faire?&#8221; tab_id=&#8221;1702222830100-636850fe-7296&#8243;][vc_column_text]Nos kits de douche sont con\u00e7us pour associer nos couleurs et tailles de base de douche les plus populaires avec des designs muraux coordonn\u00e9s. Pour plus d&#8217;informations sur les combinaisons disponibles, contactez notre \u00e9quipe de service client \u00e0 Contact@Castico-TX.com. Les options et styles disponibles peuvent \u00e9galement \u00eatre consult\u00e9s sur HomeDepot.com.[\/vc_column_text][\/vc_tta_section][vc_tta_section title=&#8221;Quel drain est recommand\u00e9 pour l\u2019installation?&#8221; tab_id=&#8221;1702222996103-1cb795d2-8a2a&#8221;][vc_column_text]Nos bases de douche sont compatibles avec les drains standard de 2 pouces, tels que le drain de douche OATEY avec bouton-pression rond de 4 \u00bc pouces (Home Depot SKU# : 1003316826). Round Snap. Home Depot Sku# 1003316826[\/vc_column_text][\/vc_tta_section][vc_tta_section title=&#8221;Puis-je utiliser de la colle de construction?&#8221; tab_id=&#8221;1702223033478-d369d887-d37d&#8221;][vc_column_text]Oui. La colle de construction ou du mortier modifi\u00e9 aux polym\u00e8res peuvent \u00eatre utilis\u00e9s pour installer nos bases et nos panneaux mureaux de douche.[\/vc_column_text][\/vc_tta_section][vc_tta_section title=&#8221;Les panneaux muraux de douche peuvent-ils \u00eatre d\u00e9coup\u00e9s ?&#8221; tab_id=&#8221;1702223058094-9650f1a8-af71&#8243;][vc_column_text]Oui. Les bases de douche CASTICO peuvent \u00eatre coup\u00e9es jusqu&#8217;\u00e0 1 \u00bd pouce de chaque c\u00f4t\u00e9. Les bases de douche CASTICO peuvent \u00eatre coup\u00e9es jusqu&#8217;\u00e0 1 \u00bd pouce de chaque c\u00f4t\u00e9.[\/vc_column_text][\/vc_tta_section][vc_tta_section title=&#8221;Quel type de lame de scie est recommand\u00e9 pour la coupe?&#8221; tab_id=&#8221;1702223084330-e449bec1-c415&#8243;][vc_column_text]Nous recommandons une scie \u00e0 carrelage humide pour la coupe If using a circular saw, a diamond tile blade is recommended. Si vous utilisez une scie circulaire, une lame diamant\u00e9e pour carrelage est recommand\u00e9e. Vous pouvez \u00e9galement contacter votre Home Depot local pour la location d&#8217;\u00e9quipement.[\/vc_column_text][\/vc_tta_section][vc_tta_section title=&#8221;La base de douche fonctionnera-t-elle comme une douche pour les personnes handicap\u00e9es et supportera-t-elle le poids d&#8217;un fauteuil roulant ?&#8221; tab_id=&#8221;1702223112490-d95112b2-c29c&#8221;][vc_column_text]La base de douche a une entr\u00e9e \u00e0 profil bas de 1-1\/8&#8243; ou peut \u00eatre install\u00e9e au ras du sol. Oui, elle peut supporter le poids d\u2019un fauteuil roulant.[\/vc_column_text][\/vc_tta_section][vc_tta_section title=&#8221;Ma configuration de douche comporte 4 murs, puis-je avoir une bride suppl\u00e9mentaire ?&#8221; tab_id=&#8221;1702223147722-e5ca442b-4754&#8243;][vc_column_text]Oui, vous pouvez en demander un en contactant le service client au 844-364-2502 ou contact@castico-tx.com[\/vc_column_text][\/vc_tta_section][vc_tta_section title=&#8221;Des panneaux muraux suppl\u00e9mentaires sont-ils disponibles \u00e0 l&#8217;achat?&#8221; tab_id=&#8221;1702223185267-a51458de-0a07&#8243;][vc_column_text]vous pouvez en demander un en contactant le service client au 844-364-2502 ou contact@castico-tx.com[\/vc_column_text][\/vc_tta_section][vc_tta_section title=&#8221;Puis-je ajouter des \u00e9tag\u00e8res aux panneaux muraux de douche CASTICO?&#8221; tab_id=&#8221;1702223215271-5bdebe4d-997b&#8221;][vc_column_text]Oui, les parois de douche CASTICO peuvent \u00eatre perc\u00e9es pour l&#8217;installation d&#8217;accessoires.[\/vc_column_text][\/vc_tta_section][\/vc_tta_accordion][\/vc_column][\/vc_row]\n<\/div>","protected":false},"excerpt":{"rendered":"<p>[vc_row equal_height=&#8221;yes&#8221; content_placement=&#8221;middle&#8221; type=&#8221;full_width_background&#8221; full_screen_row_position=&#8221;middle&#8221; column_margin=&#8221;default&#8221; column_direction=&#8221;default&#8221; column_direction_tablet=&#8221;default&#8221; column_direction_phone=&#8221;default&#8221; scene_position=&#8221;center&#8221; top_padding=&#8221;7%&#8221; constrain_group_1=&#8221;yes&#8221; bottom_padding=&#8221;7%&#8221; text_color=&#8221;dark&#8221; text_align=&#8221;left&#8221; [&hellip;]<\/p>\n","protected":false},"author":1,"featured_media":0,"parent":0,"menu_order":0,"comment_status":"closed","ping_status":"closed","template":"","meta":{"footnotes":""},"class_list":["post-4172","page","type-page","status-publish","hentry"],"_links":{"self":[{"href":"https:\/\/castinginternationalcomposites.com\/fr\/wp-json\/wp\/v2\/pages\/4172","targetHints":{"allow":["GET"]}}],"collection":[{"href":"https:\/\/castinginternationalcomposites.com\/fr\/wp-json\/wp\/v2\/pages"}],"about":[{"href":"https:\/\/castinginternationalcomposites.com\/fr\/wp-json\/wp\/v2\/types\/page"}],"author":[{"embeddable":true,"href":"https:\/\/castinginternationalcomposites.com\/fr\/wp-json\/wp\/v2\/users\/1"}],"replies":[{"embeddable":true,"href":"https:\/\/castinginternationalcomposites.com\/fr\/wp-json\/wp\/v2\/comments?post=4172"}],"version-history":[{"count":7,"href":"https:\/\/castinginternationalcomposites.com\/fr\/wp-json\/wp\/v2\/pages\/4172\/revisions"}],"predecessor-version":[{"id":5458,"href":"https:\/\/castinginternationalcomposites.com\/fr\/wp-json\/wp\/v2\/pages\/4172\/revisions\/5458"}],"wp:attachment":[{"href":"https:\/\/castinginternationalcomposites.com\/fr\/wp-json\/wp\/v2\/media?parent=4172"}],"curies":[{"name":"wp","href":"https:\/\/api.w.org\/{rel}","templated":true}]}}