{"id":4079,"date":"2023-12-09T19:12:31","date_gmt":"2023-12-09T19:12:31","guid":{"rendered":"https:\/\/castinginternationalcomposites.com\/termes-et-conditions\/"},"modified":"2023-12-12T06:25:36","modified_gmt":"2023-12-12T06:25:36","slug":"termes-et-conditions","status":"publish","type":"page","link":"https:\/\/castinginternationalcomposites.com\/fr\/termes-et-conditions\/","title":{"rendered":"Termes et conditions"},"content":{"rendered":"<div class=\"wpb-content-wrapper\">[vc_row type=&#8221;full_width_background&#8221; full_screen_row_position=&#8221;middle&#8221; column_margin=&#8221;default&#8221; column_direction=&#8221;default&#8221; column_direction_tablet=&#8221;default&#8221; column_direction_phone=&#8221;default&#8221; bg_image=&#8221;76&#8243; bg_position=&#8221;center center&#8221; background_image_loading=&#8221;default&#8221; bg_repeat=&#8221;no-repeat&#8221; scene_position=&#8221;center&#8221; top_padding=&#8221;12%&#8221; bottom_padding=&#8221;12%&#8221; text_color=&#8221;dark&#8221; text_align=&#8221;left&#8221; row_border_radius=&#8221;none&#8221; row_border_radius_applies=&#8221;bg&#8221; overflow=&#8221;visible&#8221; overlay_strength=&#8221;0.3&#8243; gradient_direction=&#8221;left_to_right&#8221; shape_divider_position=&#8221;bottom&#8221; bg_image_animation=&#8221;none&#8221; gradient_type=&#8221;default&#8221; shape_type=&#8221;&#8221;][vc_column column_padding=&#8221;no-extra-padding&#8221; column_padding_tablet=&#8221;inherit&#8221; column_padding_phone=&#8221;inherit&#8221; column_padding_position=&#8221;all&#8221; column_element_direction_desktop=&#8221;default&#8221; column_element_spacing=&#8221;default&#8221; desktop_text_alignment=&#8221;default&#8221; tablet_text_alignment=&#8221;default&#8221; phone_text_alignment=&#8221;default&#8221; background_color_opacity=&#8221;1&#8243; background_hover_color_opacity=&#8221;1&#8243; column_backdrop_filter=&#8221;none&#8221; column_shadow=&#8221;none&#8221; column_border_radius=&#8221;none&#8221; column_link_target=&#8221;_self&#8221; column_position=&#8221;default&#8221; gradient_direction=&#8221;left_to_right&#8221; overlay_strength=&#8221;0.3&#8243; tablet_width_inherit=&#8221;default&#8221; animation_type=&#8221;default&#8221; bg_image_animation=&#8221;none&#8221; border_type=&#8221;simple&#8221; column_border_width=&#8221;none&#8221; column_border_style=&#8221;solid&#8221;][vc_row_inner column_margin=&#8221;default&#8221; column_direction=&#8221;default&#8221; column_direction_tablet=&#8221;default&#8221; column_direction_phone=&#8221;default&#8221; text_align=&#8221;left&#8221; row_position=&#8221;default&#8221; row_position_tablet=&#8221;inherit&#8221; row_position_phone=&#8221;inherit&#8221; overflow=&#8221;visible&#8221; pointer_events=&#8221;all&#8221;][vc_column_inner column_padding=&#8221;no-extra-padding&#8221; column_padding_tablet=&#8221;inherit&#8221; column_padding_phone=&#8221;inherit&#8221; column_padding_position=&#8221;all&#8221; column_element_direction_desktop=&#8221;default&#8221; column_element_spacing=&#8221;default&#8221; desktop_text_alignment=&#8221;default&#8221; tablet_text_alignment=&#8221;default&#8221; phone_text_alignment=&#8221;default&#8221; background_color_opacity=&#8221;1&#8243; background_hover_color_opacity=&#8221;1&#8243; column_backdrop_filter=&#8221;none&#8221; column_shadow=&#8221;none&#8221; column_border_radius=&#8221;none&#8221; column_link_target=&#8221;_self&#8221; overflow=&#8221;visible&#8221; gradient_direction=&#8221;left_to_right&#8221; overlay_strength=&#8221;0.3&#8243; tablet_width_inherit=&#8221;default&#8221; animation_type=&#8221;default&#8221; bg_image_animation=&#8221;none&#8221; border_type=&#8221;simple&#8221; column_border_width=&#8221;none&#8221; column_border_style=&#8221;solid&#8221;][vc_column_text]<strong>Conditions d&#8217;utilisation <\/strong><\/p>\n<p><span data-contrast=\"none\">Bienvenue \u00e0 CASTICO. CASTICO propose des services sur le site web et d&#8217;autres services \u00e9lectroniques soumis aux conditions \u00e9nonc\u00e9es ci-dessous (les &#8220;Conditions&#8221;). En utilisant et en faisant des achats via le site web de CASTICO, les services mobiles de CASTICO, les applications logicielles de CASTICO que vous t\u00e9l\u00e9chargez, et d&#8217;autres sites web ainsi que les services existants ou futurs qui incorporent express\u00e9ment ces Conditions (les &#8220;Services Castico&#8221;), vous acceptez ces Conditions. Dans certains cas, un service particulier de CASTICO ou un produit achet\u00e9 via les Services CASTICO peut \u00eatre soumis \u00e0 des politiques, directives, termes et\/ou accords suppl\u00e9mentaires (les &#8220;Termes&#8221;). En cas d&#8217;incoh\u00e9rence entre ces Termes et les pr\u00e9sentes Conditions, les Termes pr\u00e9vaudront. <\/span><\/p>\n<p><span data-contrast=\"none\">Veuillez lire attentivement ces Conditions. Si vous ne souhaitez pas \u00eatre li\u00e9 par ces Conditions, n&#8217;acc\u00e9dez pas aux Services CASTICO et ne les utilisez pas. <\/span><\/p>\n<p><b><span data-contrast=\"none\">Lois applicables <\/span><\/b><br \/>\n<span data-contrast=\"none\">CASTICO ne garantit en aucun cas que le contenu inclus dans les Services CASTICO est appropri\u00e9 ou disponible pour une utilisation en dehors des \u00c9tats-Unis, et l&#8217;acc\u00e8s aux Services CASTICO depuis des territoires o\u00f9 leur contenu est ill\u00e9gal est interdit. Les personnes qui choisissent d&#8217;acc\u00e9der aux Services CASTICO depuis des endroits en dehors des \u00c9tats-Unis le font de leur propre initiative et sont responsables du respect des lois locales applicables. Vous ne pouvez pas utiliser ni exporter le contenu inclus dans aucun Service CASTICO en violation des lois et r\u00e9glementations am\u00e9ricaines en mati\u00e8re d&#8217;exportation. <\/span><\/p>\n<p><b><span data-contrast=\"none\">Changement des conditions<\/span><\/b><br \/>\n<span data-contrast=\"none\"> CASTICO peut, \u00e0 sa seule discr\u00e9tion, r\u00e9viser ou ajouter de nouvelles conditions \u00e0 ces Conditions de temps \u00e0 autre sans pr\u00e9avis. Ces r\u00e9visions et ajouts prendront effet imm\u00e9diatement apr\u00e8s notification, que CASTICO peut faire par tous moyens, y compris, sans s&#8217;y limiter, en publiant les Conditions r\u00e9vis\u00e9es sur les Services CASTICO. Vous \u00eates responsable de v\u00e9rifier les Services CASTICO pour toute modification de ces Conditions pouvant affecter vos droits ou obligations. Tout acc\u00e8s ou utilisation des Services CASTICO de votre part apr\u00e8s des modifications de ces Conditions constituera votre acceptation des termes r\u00e9vis\u00e9s.<\/span><\/p>\n<p><b><span data-contrast=\"none\">Commandes et tarification<\/span><\/b><br \/>\n<span data-contrast=\"none\"> CASTICO se r\u00e9serve le droit d&#8217;interrompre ou de modifier les sp\u00e9cifications des produits et les prix sans pr\u00e9avis. Les produits sont disponibles dans la limite des stocks disponibles Les erreurs involontaires dans les prix annonc\u00e9s ne lient pas CASTICO et peuvent \u00eatre ajust\u00e9es par CASTICO \u00e0 tout moment. Le fait de passer une commande et de recevoir une confirmation de commande ne constitue pas une acceptation finale de la commande. Certaines informations peuvent devoir \u00eatre confirm\u00e9es avant d&#8217;accepter votre commande Votre commande, ou toute partie de celle-ci, peut \u00eatre refus\u00e9e m\u00eame apr\u00e8s r\u00e9ception d&#8217;une confirmation de commande<\/span><\/p>\n<p><b><span data-contrast=\"none\">Garantie<\/span><\/b><\/p>\n<p><span data-contrast=\"none\">CASTICO garantit par la pr\u00e9sente \u00e0 l&#8217;acheteur d&#8217;origine que tous les produits sont exempts de d\u00e9fauts de mat\u00e9riaux et de fabrication. Cette garantie est express\u00e9ment limit\u00e9e \u00e0 la r\u00e9paration ou au remplacement de la pi\u00e8ce d\u00e9fectueuse \u00e0 la discr\u00e9tion de CASTICO et n&#8217;inclut pas la main-d&#8217;\u0153uvre pour le retrait ou le remplacement. Cette garantie ne s&#8217;\u00e9tend pas aux d\u00e9fauts caus\u00e9s par une manipulation, un stockage, une installation, un assemblage ou un d\u00e9sassemblage incorrects, des dommages intentionnels, des modifications du produit, une utilisation accidentelle inappropri\u00e9e, un abus ou une n\u00e9gligence. CASTICO n&#8217;\u00e9met aucune autre garantie que celles \u00e9nonc\u00e9es ici, et toutes les autres garanties sont par la pr\u00e9sente exclues. Les garanties limit\u00e9es \u00e9nonc\u00e9es ici sont limit\u00e9es au premier acheteur d&#8217;origine et ne sont pas transf\u00e9rables Pour les services de garantie, appelez le (844) 364-2502.<\/span><\/p>\n<p>&nbsp;<\/p>\n<p><b><span data-contrast=\"none\">Contenu<\/span><\/b><br \/>\n<span data-contrast=\"none\"> Les droits d&#8217;auteur sur les documents et le mat\u00e9riel sur les Services CASTICO appartiennent \u00e0 CASTICO ou sont conc\u00e9d\u00e9s sous licence \u00e0 CASTICO. Vous \u00eates autoris\u00e9 \u00e0 utiliser ce mat\u00e9riel uniquement \u00e0 des fins personnelles et non commerciales. Vous pouvez t\u00e9l\u00e9charger, imprimer et stocker des copies de ce mat\u00e9riel pour votre propre usage personnel et non commercial. Les images de personnes ou de lieux affich\u00e9es sur les Services CASTICO sont soit la propri\u00e9t\u00e9 de CASTICO, soit utilis\u00e9es avec la permission de CASTICO. L&#8217;utilisation de ces images par vous, ou toute personne autoris\u00e9e par vous, est interdite sauf autorisation sp\u00e9cifique accord\u00e9e par ces Conditions ou \u00e0 moins qu&#8217;une autorisation sp\u00e9cifique ne soit fournie ailleurs sur les Services CASTICO. Toute utilisation non autoris\u00e9e de ces images peut violer les lois sur le droit d&#8217;auteur, les lois sur les marques, les lois sur la vie priv\u00e9e et la publicit\u00e9, ainsi que les r\u00e8glements et statuts r\u00e9gissant les communications. Rien dans les Services CASTICO ne doit \u00eatre interpr\u00e9t\u00e9 comme accordant, par implication ou autrement, une licence ou un droit d&#8217;utiliser toute marque de commerce ou marque de service affich\u00e9e sur les Services CASTICO sans la permission \u00e9crite de CASTICO ou de tout tiers qui pourrait \u00eatre propri\u00e9taire de ces marques de commerce ou marques de service. CASTICO fera respecter de mani\u00e8re agressive ses droits de propri\u00e9t\u00e9 intellectuelle dans toute la mesure permise par la loi<\/span><\/p>\n<p><b><span data-contrast=\"none\">Demandes<\/span><\/b><br \/>\n<span data-contrast=\"none\"> Toutes les informations, id\u00e9es, suggestions ou autres communications que vous transmettez \u00e0 CASTICO concernant les mat\u00e9riaux contenus dans les Services CASTICO seront consid\u00e9r\u00e9es comme non confidentielles et non propri\u00e9taires, sous r\u00e9serve des dispositions de notre politique de confidentialit\u00e9, le cas \u00e9ch\u00e9ant. CASTICO et ses soci\u00e9t\u00e9s m\u00e8res, filiales et affili\u00e9es seront libres de reproduire, utiliser, divulguer et distribuer de telles communications sans aucune limitation ni obligation. Vous pouvez \u00e9galement publier des critiques, des commentaires, des photos et d&#8217;autres contenus, \u00e0 condition que ces contenus ne soient pas mena\u00e7ants, obsc\u00e8nes, diffamatoires, portant atteinte \u00e0 la vie priv\u00e9e, en violation des droits de propri\u00e9t\u00e9 intellectuelle, ou autrement r\u00e9pr\u00e9hensibles ou susceptibles de porter atteinte aux droits de tiers.<\/span><\/p>\n<p><span data-contrast=\"none\">Pour l&#8217;ensemble du contenu que vous publiez ou soumettez aux Services CASTICO, vous accordez \u00e0 CASTICO un droit perp\u00e9tuel, irr\u00e9vocable, non exclusif, exempt de redevances et enti\u00e8rement cessible d&#8217;utiliser, reproduire, modifier, adapter, publier, traduire, cr\u00e9er des \u0153uvres d\u00e9riv\u00e9es, distribuer et afficher un tel contenu dans le monde entier par le biais de tout m\u00e9dia, y compris, mais sans s&#8217;y limiter, la diffusion de ce contenu \u00e0 la t\u00e9l\u00e9vision. Vous accordez \u00e0 CASTICO et \u00e0 ses sous-licenci\u00e9s le droit d&#8217;utiliser le nom que vous soumettez en relation avec un tel contenu Vous d\u00e9clarez et garantissez que vous poss\u00e9dez ou contr\u00f4lez tous les droits sur le contenu que vous soumettez, que le contenu est exact, que l&#8217;utilisation du contenu que vous fournissez ne violera pas ces Conditions et ne causera pas de pr\u00e9judice \u00e0 une personne ou une entit\u00e9, et que vous indemniserez CASTICO de toutes les r\u00e9clamations r\u00e9sultant de tout contenu que vous fournissez CASTICO a le droit, mais pas l&#8217;obligation, de surveiller toute activit\u00e9 et d&#8217;\u00e9diter ou de supprimer tout contenu CASTICO n&#8217;assume aucune responsabilit\u00e9 et ne garantit aucune responsabilit\u00e9 pour tout contenu publi\u00e9 par vous ou par un tiers<\/span><\/p>\n<p><b><span data-contrast=\"none\">Liens vers d&#8217;autres sites et services<\/span><\/b><br \/>\n<span data-contrast=\"none\"> Les liens vers d&#8217;autres sites Internet et services exploit\u00e9s par des tiers, y compris les fournisseurs de CASTICO, ne constituent pas un parrainage, une approbation ou une approbation par CASTICO du contenu, des politiques ou des pratiques de ces sites ou services li\u00e9s CASTICO n&#8217;est pas responsable de la disponibilit\u00e9, du contenu, de la s\u00e9curit\u00e9, des politiques ou des pratiques des sites ou services li\u00e9s, y compris, sans limitation, l&#8217;exactitude du contenu sur les sites ou services li\u00e9s et les politiques de confidentialit\u00e9 et pratiques des sites et services li\u00e9s.<\/span><\/p>\n<p><b><span data-contrast=\"none\">Communications \u00e9lectroniques<\/span><\/b><br \/>\n<span data-contrast=\"none\"> Lorsque vous acc\u00e9dez ou utilisez les Services CASTICO, envoyez des e-mails \u00e0 CASTICO ou recevez des communications \u00e9lectroniques de CASTICO, vous communiquez avec CASTICO \u00e9lectroniquement et consentez \u00e0 cette communication CASTICO peut communiquer avec vous par e-mail ou en publiant des avis sur un ou plusieurs des Services CASTICO. Vous convenez que tous les avis, divulgations, accords, politiques et autres communications que CASTICO vous fournit \u00e9lectroniquement satisfont \u00e0 toute exigence voulant que de telles communications soient faites par \u00e9crit.<\/span><\/p>\n<p><b><span data-contrast=\"none\">Services mobiles<\/span><\/b><\/p>\n<p>The CASTICO Services peuvent inclure certains services auxquels vous pouvez acc\u00e9der via votre t\u00e9l\u00e9phone mobile ou tout autre appareil mobile, y compris des services qui vous permettent d&#8217;utiliser votre appareil mobile pour passer des commandes, recevoir et r\u00e9pondre \u00e0 des messages de CASTICO, et acc\u00e9der \u00e0 certaines autres fonctionnalit\u00e9s (collectivement, les &#8220;Services Mobiles&#8221;). CASTICO ne facture pas pour les Services Mobiles. Cependant, lorsque vous acc\u00e9dez ou vous inscrivez aux Services Mobiles, vous reconnaissez, acceptez et comprenez que votre op\u00e9rateur de t\u00e9l\u00e9phonie mobile peut vous facturer pour tous les messages qui vous sont envoy\u00e9s par CASTICO, ses soci\u00e9t\u00e9s m\u00e8res ou l&#8217;une de ses filiales ou soci\u00e9t\u00e9s affili\u00e9es. Les tarifs de messagerie standard s&#8217;appliqueront, sauf indication contraire. En aucun cas, CASTICO, ses soci\u00e9t\u00e9s m\u00e8res ou l&#8217;une de ses filiales ou soci\u00e9t\u00e9s affili\u00e9es, ne seront responsables des frais de messagerie \u00e9lectronique sans fil, de messagerie texte ou d&#8217;autres frais que vous ou toute personne ayant acc\u00e8s \u00e0 votre appareil sans fil, num\u00e9ro de t\u00e9l\u00e9phone ou adresse e-mail pourriez encourir. Le t\u00e9l\u00e9chargement, l&#8217;installation, l&#8217;utilisation ou l&#8217;acc\u00e8s \u00e0 certains Services Mobiles peuvent \u00eatre interdits ou limit\u00e9s par votre fournisseur de services mobiles, et tous les Services Mobiles ne peuvent pas fonctionner avec votre appareil. Vous \u00eates responsable de v\u00e9rifier aupr\u00e8s de votre fournisseur de services si les Services Mobiles sont disponibles pour votre appareil mobile, si des restrictions peuvent s&#8217;appliquer \u00e0 votre utilisation des Services Mobiles, et si des frais peuvent s&#8217;appliquer \u00e0 votre utilisation des Services Mobiles. En utilisant les Services Mobiles, vous acceptez que CASTICO puisse communiquer avec vous via votre appareil mobile et que certaines informations sur votre utilisation des Services Mobiles puissent \u00eatre communiqu\u00e9es \u00e0 CASTICO. Si vous changez ou d\u00e9sactivez votre t\u00e9l\u00e9phone mobile ou tout autre num\u00e9ro d&#8217;acc\u00e8s, vous acceptez de mettre \u00e0 jour rapidement les informations de votre compte d&#8217;abonnement mobile pour vous assurer que les messages que CASTICO a l&#8217;intention de vous envoyer ne sont pas envoy\u00e9s \u00e0 une autre personne.<\/p>\n<p>Pour contacter le service client, appelez le +1 (844) 364 2502 ou envoyez une demande \u00e0 CASTICO Customer Service <a href=\"mailto:Contact@castico-tx.com\" target=\"_new\" rel=\"noopener\">Contact@castico-tx.com<\/a>. Nous sommes toujours heureux de r\u00e9pondre \u00e0 vos questions et d&#8217;\u00e9couter vos commentaires.<\/p>\n<p>CASTICO garantit par la pr\u00e9sente \u00e0 l&#8217;acheteur original que tous les produits sont exempts de d\u00e9fauts de mat\u00e9riaux et de fabrication. Cette garantie est express\u00e9ment limit\u00e9e \u00e0 la r\u00e9paration ou au remplacement de la pi\u00e8ce d\u00e9fectueuse \u00e0 la discr\u00e9tion de CASTICO, et ne comprend pas la main-d&#8217;\u0153uvre pour le retrait ou le remplacement. Cette garantie ne s&#8217;\u00e9tend pas aux d\u00e9fauts caus\u00e9s par une manipulation, un stockage, une installation, un assemblage ou un d\u00e9sassemblage incorrects, des dommages intentionnels, des modifications du produit, une utilisation incorrecte accidentelle, des abus ou de la n\u00e9gligence. CASTICO ne donne aucune autre garantie que celles \u00e9nonc\u00e9es ici et toutes les autres garanties sont par la pr\u00e9sente exclues. Les garanties limit\u00e9es \u00e9nonc\u00e9es ici sont limit\u00e9es au premier et \u00e0 l&#8217;acheteur original et ne sont pas transf\u00e9rables. Pour les services de garantie, appelez le (844) 364-2502.<\/p>\n<p><b><span data-contrast=\"none\">Votre acces aux services CASTICO<\/span><\/b><br \/>\n<span data-contrast=\"none\"> Lorsque vous utilisez les services CASTICO, vous acceptez de vous conformer \u00e0 toutes les lois, statuts, ordonnances et r\u00e9glementations applicables concernant votre utilisation et l&#8217;achat de produits et services via les services CASTICO. CASTICO vend des produits uniquement aux adultes, qui peuvent acheter des produits avec une carte de cr\u00e9dit ou tout autre mode de paiement autoris\u00e9 Si vous avez moins de 18 ans, vous ne pouvez utiliser les services CASTICO qu&#8217;avec la participation d&#8217;un parent ou d&#8217;un tuteur. CASTICO se r\u00e9serve le droit, \u00e0 sa seule discr\u00e9tion, de refuser le service, de supprimer ou de modifier du contenu, d&#8217;annuler des commandes ou de r\u00e9silier des comptes pour tout ou partie des services CASTICO Dans le cas o\u00f9 CASTICO vous refuserait l&#8217;acc\u00e8s \u00e0 un ou plusieurs services CASTICO, les dispositions des pr\u00e9sentes Conditions r\u00e9gissant les droits d&#8217;auteur et autres droits de propri\u00e9t\u00e9 intellectuelle, ainsi que les clauses de non-responsabilit\u00e9, indemnit\u00e9s et limitations de responsabilit\u00e9s \u00e9nonc\u00e9s dans les pr\u00e9sentes Conditions, resteront en vigueur apr\u00e8s cette r\u00e9siliation.<\/span><\/p>\n<p><b><span data-contrast=\"none\">Divers<\/span><\/b><br \/>\n<span data-contrast=\"none\"> Ces Conditions contiennent l&#8217;int\u00e9gralit\u00e9 de votre compr\u00e9hension et de CASTICO en ce qui concerne l&#8217;objet des pr\u00e9sentes et remplacent tous les accords et ententes ant\u00e9rieurs entre vous et CASTICO en ce qui concerne l&#8217;objet des pr\u00e9sentes. Le manquement de CASTICO \u00e0 tout moment \u00e0 faire appliquer l&#8217;une des dispositions des pr\u00e9sentes Conditions ne sera pas consid\u00e9r\u00e9 ou interpr\u00e9t\u00e9 comme une renonciation \u00e0 de telles dispositions, ni comme affectant de quelque mani\u00e8re que ce soit le droit de CASTICO d&#8217;y appliquer apr\u00e8s avoir appliqu\u00e9 chaque disposition de ces Conditions. Aucune renonciation par CASTICO \u00e0 toute violation d\u2019une disposition des pr\u00e9sentes Conditions ne sera interpr\u00e9t\u00e9e ou consid\u00e9r\u00e9e comme une renonciation \u00e0 toute autre violation ult\u00e9rieure. Si une disposition des pr\u00e9sentes Conditions est d\u00e9clar\u00e9e invalide ou autrement jug\u00e9e inapplicable pour quelque raison que ce soit, cette disposition sera consid\u00e9r\u00e9e comme s\u00e9parable des autres dispositions des pr\u00e9sentes Conditions, qui resteront par ailleurs pleinement en vigueur. Les dispositions concernant vos droits et obligations qui, de par leur contenu, s&#8217;appliquent apr\u00e8s la r\u00e9siliation ou qui sont n\u00e9cessaires pour faire valoir un droit, survivront \u00e0 toute r\u00e9siliation ou expiration des pr\u00e9sentes Conditions.<\/span><\/p>\n<p><span data-contrast=\"none\">Ces Conditions seront r\u00e9gies et interpr\u00e9t\u00e9es conform\u00e9ment aux lois internes de l&#8217;\u00c9tat du Texas, sans \u00e9gard aux principes de conflit de lois. Toute poursuite intent\u00e9e en vertu ou en relation avec les pr\u00e9sentes Conditions ne peut \u00eatre intent\u00e9e que devant les tribunaux de l&#8217;\u00c9tat du Texas, et Castico et vous consentez \u00e0 la comp\u00e9tence personnelle et au lieu de ces tribunaux.<\/span><\/p>\n[\/vc_column_text][\/vc_column_inner][\/vc_row_inner][\/vc_column][\/vc_row]\n<\/div>","protected":false},"excerpt":{"rendered":"<p>[vc_row type=&#8221;full_width_background&#8221; full_screen_row_position=&#8221;middle&#8221; column_margin=&#8221;default&#8221; column_direction=&#8221;default&#8221; column_direction_tablet=&#8221;default&#8221; column_direction_phone=&#8221;default&#8221; bg_image=&#8221;76&#8243; bg_position=&#8221;center center&#8221; background_image_loading=&#8221;default&#8221; bg_repeat=&#8221;no-repeat&#8221; scene_position=&#8221;center&#8221; top_padding=&#8221;12%&#8221; bottom_padding=&#8221;12%&#8221; [&hellip;]<\/p>\n","protected":false},"author":1,"featured_media":0,"parent":0,"menu_order":0,"comment_status":"closed","ping_status":"closed","template":"","meta":{"footnotes":""},"class_list":["post-4079","page","type-page","status-publish","hentry"],"_links":{"self":[{"href":"https:\/\/castinginternationalcomposites.com\/fr\/wp-json\/wp\/v2\/pages\/4079","targetHints":{"allow":["GET"]}}],"collection":[{"href":"https:\/\/castinginternationalcomposites.com\/fr\/wp-json\/wp\/v2\/pages"}],"about":[{"href":"https:\/\/castinginternationalcomposites.com\/fr\/wp-json\/wp\/v2\/types\/page"}],"author":[{"embeddable":true,"href":"https:\/\/castinginternationalcomposites.com\/fr\/wp-json\/wp\/v2\/users\/1"}],"replies":[{"embeddable":true,"href":"https:\/\/castinginternationalcomposites.com\/fr\/wp-json\/wp\/v2\/comments?post=4079"}],"version-history":[{"count":4,"href":"https:\/\/castinginternationalcomposites.com\/fr\/wp-json\/wp\/v2\/pages\/4079\/revisions"}],"predecessor-version":[{"id":5327,"href":"https:\/\/castinginternationalcomposites.com\/fr\/wp-json\/wp\/v2\/pages\/4079\/revisions\/5327"}],"wp:attachment":[{"href":"https:\/\/castinginternationalcomposites.com\/fr\/wp-json\/wp\/v2\/media?parent=4079"}],"curies":[{"name":"wp","href":"https:\/\/api.w.org\/{rel}","templated":true}]}}