{"id":6558,"date":"2024-01-04T19:28:26","date_gmt":"2024-01-04T19:28:26","guid":{"rendered":"https:\/\/castinginternationalcomposites.com\/?post_type=product&#038;p=6558"},"modified":"2024-01-04T19:32:15","modified_gmt":"2024-01-04T19:32:15","slug":"lavabo-sobre-encimera-ovaldo-con-desague-automatico-a-juego-14-x-24-x-5-copy","status":"publish","type":"product","link":"https:\/\/castinginternationalcomposites.com\/es\/product\/lavabo-sobre-encimera-ovaldo-con-desague-automatico-a-juego-14-x-24-x-5-copy\/","title":{"rendered":"Lavabo Sobre Encimera Ovaldo Con Desag\u00fce Autom\u00e1tico A Juego 14&#8243; x 24&#8243; x 5&#8243; (Copy)"},"content":{"rendered":"<p>Eleve su ba\u00f1o con el lavabo sobre encimera de piedra compuesta s\u00f3lida CASTICO. Elaborado a partir de minerales y resina exclusivos. Transforme su espacio sin esfuerzo: impermeabilice, mida, nivele, instale y selle.<\/p>\n","protected":false},"excerpt":{"rendered":"<p>Blanco Mate &#8211; Lavabo Sobre Encimera Ovalado con desag\u00fce autom\u00e1tico a juego<\/p>\n","protected":false},"featured_media":4562,"template":"","meta":[],"product_cat":[95],"product_tag":[],"class_list":{"0":"post-6558","1":"product","2":"type-product","3":"status-publish","4":"has-post-thumbnail","6":"product_cat-lavabos","8":"first","9":"instock","10":"taxable","11":"shipping-taxable","12":"purchasable","13":"product-type-variable","14":"has-default-attributes"},"_links":{"self":[{"href":"https:\/\/castinginternationalcomposites.com\/es\/wp-json\/wp\/v2\/product\/6558","targetHints":{"allow":["GET"]}}],"collection":[{"href":"https:\/\/castinginternationalcomposites.com\/es\/wp-json\/wp\/v2\/product"}],"about":[{"href":"https:\/\/castinginternationalcomposites.com\/es\/wp-json\/wp\/v2\/types\/product"}],"wp:featuredmedia":[{"embeddable":true,"href":"https:\/\/castinginternationalcomposites.com\/es\/wp-json\/wp\/v2\/media\/4562"}],"wp:attachment":[{"href":"https:\/\/castinginternationalcomposites.com\/es\/wp-json\/wp\/v2\/media?parent=6558"}],"wp:term":[{"taxonomy":"product_cat","embeddable":true,"href":"https:\/\/castinginternationalcomposites.com\/es\/wp-json\/wp\/v2\/product_cat?post=6558"},{"taxonomy":"product_tag","embeddable":true,"href":"https:\/\/castinginternationalcomposites.com\/es\/wp-json\/wp\/v2\/product_tag?post=6558"}],"curies":[{"name":"wp","href":"https:\/\/api.w.org\/{rel}","templated":true}]}}