{"id":5314,"date":"2023-11-27T19:18:30","date_gmt":"2023-11-27T19:18:30","guid":{"rendered":"https:\/\/castinginternationalcomposites.com\/product\/lavabo-sobre-encimera-ovaldo-con-desague-automatico-a-juego-14-x-24-x-5\/"},"modified":"2023-11-27T19:18:30","modified_gmt":"2023-11-27T19:18:30","slug":"lavabo-sobre-encimera-ovaldo-con-desague-automatico-a-juego-14-x-24-x-5","status":"publish","type":"product","link":"https:\/\/castinginternationalcomposites.com\/es\/product\/lavabo-sobre-encimera-ovaldo-con-desague-automatico-a-juego-14-x-24-x-5\/","title":{"rendered":"Lavabo Sobre Encimera Ovaldo Con Desag\u00fce Autom\u00e1tico A Juego 14&#8243; x 24&#8243; x 5&#8243;"},"content":{"rendered":"<p>Eleve su ba\u00f1o con el lavabo sobre encimera de piedra compuesta s\u00f3lida CASTICO. Elaborado a partir de minerales y resina exclusivos. Transforme su espacio sin esfuerzo: impermeabilice, mida, nivele, instale y selle.<\/p>\n","protected":false},"excerpt":{"rendered":"<p>Blanco Mate &#8211; Lavabo Sobre Encimera Ovalado con desag\u00fce autom\u00e1tico a juego<\/p>\n","protected":false},"featured_media":2241,"template":"","meta":[],"product_cat":[95],"product_tag":[],"class_list":{"0":"post-5314","1":"product","2":"type-product","3":"status-publish","4":"has-post-thumbnail","6":"product_cat-lavabos","8":"first","9":"instock","10":"taxable","11":"shipping-taxable","12":"purchasable","13":"product-type-variable","14":"has-default-attributes"},"_links":{"self":[{"href":"https:\/\/castinginternationalcomposites.com\/es\/wp-json\/wp\/v2\/product\/5314","targetHints":{"allow":["GET"]}}],"collection":[{"href":"https:\/\/castinginternationalcomposites.com\/es\/wp-json\/wp\/v2\/product"}],"about":[{"href":"https:\/\/castinginternationalcomposites.com\/es\/wp-json\/wp\/v2\/types\/product"}],"wp:featuredmedia":[{"embeddable":true,"href":"https:\/\/castinginternationalcomposites.com\/es\/wp-json\/wp\/v2\/media\/2241"}],"wp:attachment":[{"href":"https:\/\/castinginternationalcomposites.com\/es\/wp-json\/wp\/v2\/media?parent=5314"}],"wp:term":[{"taxonomy":"product_cat","embeddable":true,"href":"https:\/\/castinginternationalcomposites.com\/es\/wp-json\/wp\/v2\/product_cat?post=5314"},{"taxonomy":"product_tag","embeddable":true,"href":"https:\/\/castinginternationalcomposites.com\/es\/wp-json\/wp\/v2\/product_tag?post=5314"}],"curies":[{"name":"wp","href":"https:\/\/api.w.org\/{rel}","templated":true}]}}