{"id":5309,"date":"2023-11-27T19:32:11","date_gmt":"2023-11-27T19:32:11","guid":{"rendered":"https:\/\/castinginternationalcomposites.com\/product\/banera-independiente-63-x-30-x-23\/"},"modified":"2023-11-27T19:32:11","modified_gmt":"2023-11-27T19:32:11","slug":"banera-independiente-63-x-30-x-23","status":"publish","type":"product","link":"https:\/\/castinginternationalcomposites.com\/es\/product\/banera-independiente-63-x-30-x-23\/","title":{"rendered":"Ba\u00f1era Independiente 63&#8243; x 30&#8243; x 23&#8243;"},"content":{"rendered":"<p>Eleve su ba\u00f1o con la ba\u00f1era independiente de piedra s\u00f3lida compuesta CASTICO. Elaborado a partir de minerales y resina exclusivos. Transforme su espacio sin esfuerzo: impermeabilice, mida, nivele, instale y selle.<\/p>\n","protected":false},"excerpt":{"rendered":"<p>Blanco Brillante &#8211; Ba\u00f1era Independiente<\/p>\n","protected":false},"featured_media":491,"template":"","meta":[],"product_cat":[98],"product_tag":[],"class_list":{"0":"post-5309","1":"product","2":"type-product","3":"status-publish","4":"has-post-thumbnail","6":"product_cat-banera","7":"pa_dimension-nom-63-x-30-x-23-es","9":"first","10":"instock","11":"taxable","12":"shipping-taxable","13":"purchasable","14":"product-type-variable","15":"has-default-attributes"},"_links":{"self":[{"href":"https:\/\/castinginternationalcomposites.com\/es\/wp-json\/wp\/v2\/product\/5309","targetHints":{"allow":["GET"]}}],"collection":[{"href":"https:\/\/castinginternationalcomposites.com\/es\/wp-json\/wp\/v2\/product"}],"about":[{"href":"https:\/\/castinginternationalcomposites.com\/es\/wp-json\/wp\/v2\/types\/product"}],"wp:featuredmedia":[{"embeddable":true,"href":"https:\/\/castinginternationalcomposites.com\/es\/wp-json\/wp\/v2\/media\/491"}],"wp:attachment":[{"href":"https:\/\/castinginternationalcomposites.com\/es\/wp-json\/wp\/v2\/media?parent=5309"}],"wp:term":[{"taxonomy":"product_cat","embeddable":true,"href":"https:\/\/castinginternationalcomposites.com\/es\/wp-json\/wp\/v2\/product_cat?post=5309"},{"taxonomy":"product_tag","embeddable":true,"href":"https:\/\/castinginternationalcomposites.com\/es\/wp-json\/wp\/v2\/product_tag?post=5309"}],"curies":[{"name":"wp","href":"https:\/\/api.w.org\/{rel}","templated":true}]}}