{"id":5197,"date":"2023-12-11T17:25:00","date_gmt":"2023-12-11T17:25:00","guid":{"rendered":"https:\/\/castinginternationalcomposites.com\/?post_type=product&#038;p=5197"},"modified":"2024-01-10T18:15:18","modified_gmt":"2024-01-10T18:15:18","slug":"slate-32-x-60-x-84-left-right-universal-drain-copy","status":"publish","type":"product","link":"https:\/\/castinginternationalcomposites.com\/es\/product\/slate-32-x-60-x-84-left-right-universal-drain-copy\/","title":{"rendered":"Graphite Slate &#8211; Carrara &#8211; 32&#8243; x 60&#8243; x 84&#8243; Left \/ Right Universal Drain"},"content":{"rendered":"<p>\u00c9levez votre douche avec le kit de douche en alc\u00f4ve en pierre composite solide CASTICO. Fabriqu\u00e9 \u00e0 partir de min\u00e9raux et de r\u00e9sine exclusifs, il est robuste mais l\u00e9ger, avec une \u00e9paisseur de 1-1\/8 pouce pour un acc\u00e8s facile. Faites l&#8217;exp\u00e9rience de la s\u00e9curit\u00e9 avec des finitions textur\u00e9es antid\u00e9rapantes int\u00e9gr\u00e9es, impeccablement compl\u00e9t\u00e9es par des bords m\u00e9ticuleusement finis pour un look poli et sophistiqu\u00e9. Transformez votre espace sans effort : imperm\u00e9abilisez, mesurez, nivelez, installez et scellez.<\/p>\n<p>Comprend :<br \/>\nMurs de douche (2 c\u00f4t\u00e9s + 2 arri\u00e8re)<br \/>\nBase de bac de douche<br \/>\nBride d&#8217;\u00e9tanch\u00e9it\u00e9 (3 pi\u00e8ces)<br \/>\nPlaque de vidange en acier<\/p>\n","protected":false},"excerpt":{"rendered":"<p>Alcove Shower Kit<\/p>\n","protected":false},"featured_media":1790,"template":"","meta":[],"product_cat":[33],"product_tag":[],"class_list":{"0":"post-5197","1":"product","2":"type-product","3":"status-publish","4":"has-post-thumbnail","6":"product_cat-basewall-kits","7":"pa_dimension-nom-32-x-60-x-84","9":"first","10":"instock","11":"taxable","12":"shipping-taxable","13":"purchasable","14":"product-type-variable","15":"has-default-attributes"},"_links":{"self":[{"href":"https:\/\/castinginternationalcomposites.com\/es\/wp-json\/wp\/v2\/product\/5197","targetHints":{"allow":["GET"]}}],"collection":[{"href":"https:\/\/castinginternationalcomposites.com\/es\/wp-json\/wp\/v2\/product"}],"about":[{"href":"https:\/\/castinginternationalcomposites.com\/es\/wp-json\/wp\/v2\/types\/product"}],"wp:featuredmedia":[{"embeddable":true,"href":"https:\/\/castinginternationalcomposites.com\/es\/wp-json\/wp\/v2\/media\/1790"}],"wp:attachment":[{"href":"https:\/\/castinginternationalcomposites.com\/es\/wp-json\/wp\/v2\/media?parent=5197"}],"wp:term":[{"taxonomy":"product_cat","embeddable":true,"href":"https:\/\/castinginternationalcomposites.com\/es\/wp-json\/wp\/v2\/product_cat?post=5197"},{"taxonomy":"product_tag","embeddable":true,"href":"https:\/\/castinginternationalcomposites.com\/es\/wp-json\/wp\/v2\/product_tag?post=5197"}],"curies":[{"name":"wp","href":"https:\/\/api.w.org\/{rel}","templated":true}]}}