{"id":5262,"date":"2023-10-30T09:22:42","date_gmt":"2023-10-30T09:22:42","guid":{"rendered":"https:\/\/castinginternationalcomposites.com\/politica-de-privacidad\/"},"modified":"2023-12-11T20:34:48","modified_gmt":"2023-12-11T20:34:48","slug":"politica-de-privacidad","status":"publish","type":"page","link":"https:\/\/castinginternationalcomposites.com\/es\/politica-de-privacidad\/","title":{"rendered":"Pol\u00edtica De Privacidad"},"content":{"rendered":"<div class=\"wpb-content-wrapper\">[vc_row][vc_column][vc_row_inner][vc_column_inner][vc_column_text]\n<p class=\"font_8\">Proteger su informaci\u00f3n privada es nuestra prioridad. Esta declaraci\u00f3n de privacidad se aplica a castico-tx.com y CASTING INTERNATIONAL COMPOSITES y regula la recopilaci\u00f3n y el uso de datos. A efectos de la presente Pol\u00edtica de Privacidad, salvo que se indique lo contrario, todas las referencias a CASTING INTERNATIONAL COMPOSITES incluyen castico-tx.com y CASTING INTERNATIONAL COMPOSITES. El sitio web de CASTICO es un sitio de productos.<\/p>\n<p class=\"font_8\">No recopilamos informaci\u00f3n personal sobre usted a menos que nos la facilite voluntariamente.<\/p>\n<p class=\"font_8\"><strong>Compartir informaci\u00f3n con terceros<\/strong><\/p>\n<p class=\"font_8\">CASTICO no vende, alquila ni cede informaci\u00f3n a terceros.<\/p>\n<p class=\"font_8\">CASTICO s\u00ed puede compartir datos con socios confiables que ayudan y\/o en los que delega el an\u00e1lisis estad\u00edstico, el env\u00edo de correo electr\u00f3nico o postal, la atenci\u00f3n al cliente, o los arreglos para la distribuci\u00f3n y entrega. Todos estos terceros tienen prohibido el uso de su informaci\u00f3n personal excepto para proporcionar estos servicios a CASTICO, y est\u00e1n obligados a mantener la confidencialidad de su informaci\u00f3n.<\/p>\n<p class=\"font_8\"><strong>Seguimiento del comportamiento de los usuarios<\/strong><\/p>\n<p class=\"font_8\">CASTICO puede realizar un seguimiento de los sitios web y las p\u00e1ginas que visitan nuestros usuarios dentro de CASTICO, con el fin de determinar qu\u00e9 servicios de CASTICO son los m\u00e1s populares. Estos datos son utilizados para presentar contenidos y publicidades personalizadas en el sitio de CASTICO a clientes cuyo comportamiento indica que tienen un particular inter\u00e9s en un \u00e1rea determinada.<\/p>\n<p class=\"font_8\">Utilizamos servicios de terceros para rastrear el comportamiento de los usuarios. Los servicios utilizados incluyen, entre otros:<\/p>\n<ul class=\"font_8\">\n<li>\n<p class=\"font_8\">Google Analytics<\/p>\n<\/li>\n<\/ul>\n<p class=\"font_8\"><strong>Informaci\u00f3n recopilada autom\u00e1ticamente<\/strong><\/p>\n<p class=\"font_8\">CASTICO puede recopilar autom\u00e1ticamente informaci\u00f3n sobre el hardware y el software de su ordenador. Esta informaci\u00f3n puede incluir: su direcci\u00f3n IP, tipo de navegador, nombres de dominio, horas de acceso y direcciones de sitios web de referencia. Esta informaci\u00f3n se utiliza para el funcionamiento del servicio, para mantener la calidad del servicio y para proporcionar estad\u00edsticas generales sobre el uso del sitio web de CASTICO.<\/p>\n<p class=\"font_8\">\u200d<\/p>\n<p class=\"font_8\"><strong>Uso de cookies<\/strong><\/p>\n<p class=\"font_8\">El sitio web de CASTICO puede utilizar &#8220;cookies&#8221; para ayudarle a personalizar su experiencia en l\u00ednea. Una cookie es un archivo de texto que un servidor de p\u00e1ginas web coloca en su disco duro. Las cookies no pueden utilizarse para ejecutar programas o enviar virus a su ordenador. Las cookies se le asignan a usted de forma exclusiva, y s\u00f3lo pueden ser le\u00eddas por un servidor web en el dominio que emiti\u00f3 la cookie para usted.<\/p>\n<p class=\"font_8\">Uno de los principales objetivos de las cookies es proporcionar una funci\u00f3n pr\u00e1ctica que le ahorre tiempo. El prop\u00f3sito de una cookie es indicar al servidor web que usted ha regresado a una p\u00e1gina espec\u00edfica.<\/p>\n<p class=\"font_8\">Usted tiene la posibilidad de aceptar o rechazar las cookies. La mayor\u00eda de los navegadores web aceptan autom\u00e1ticamente las cookies, pero normalmente puede modificar la configuraci\u00f3n de su navegador para rechazarlas si lo prefiere. Si decide rechazar las cookies, es posible que no pueda aprovechar en su totalidad las caracter\u00edsticas interactivas de los servicios o sitios web de CASTICO que visite.<\/p>\n<p class=\"font_8\"><strong>Enlaces<\/strong><\/p>\n<p class=\"font_8\">Este sitio web contiene enlaces a otros sitios. Tenga en cuenta que no somos responsables del contenido ni de las pr\u00e1cticas de privacidad de esos otros sitios. Animamos a nuestros usuarios a estar atentos cuando abandonen nuestro sitio y a leer las declaraciones de privacidad de cualquier otro sitio que recopile informaci\u00f3n personal identificable.<\/p>\n<p class=\"font_8\">Seguridad de sus datos personales<\/p>\n<p class=\"font_8\">CASTICO asegura su informaci\u00f3n personal frente al acceso, uso o divulgaci\u00f3n no autorizados. Para ello, CASTICO utiliza los siguientes m\u00e9todos:<\/p>\n<ul class=\"font_8\">\n<li>\n<p class=\"font_8\"> Protocolo SSL<\/p>\n<\/li>\n<\/ul>\n<p class=\"font_8\">Cuando se transmite informaci\u00f3n personal (como el n\u00famero de una tarjeta de cr\u00e9dito) a otros sitios web, se protege mediante el uso de cifrado, como el protocolo Secure Sockets Layer (SSL).<\/p>\n<p class=\"font_8\">Nos esforzamos por tomar las medidas de seguridad adecuadas para proteger sus datos personales contra el acceso no autorizado o su alteraci\u00f3n. Lamentablemente, no se puede garantizar al 100% la seguridad de ninguna transmisi\u00f3n de datos a trav\u00e9s de Internet o de cualquier red inal\u00e1mbrica. En consecuencia, aunque nos esforzamos por proteger su informaci\u00f3n personal, usted reconoce que (a) existen limitaciones de seguridad y privacidad inherentes a Internet que escapan a nuestro control; y(b) no puede garantizarse la seguridad, integridad y privacidad de toda la informaci\u00f3n y datos intercambiados entre usted y nosotros a trav\u00e9s de este Sitio.<\/p>\n<p class=\"font_8\">Derecho de supresi\u00f3n<\/p>\n<p class=\"font_8\">Con sujeci\u00f3n a determinadas excepciones que se exponen a continuaci\u00f3n, cuando recibamos una solicitud verificable de su parte, lo haremos:<\/p>\n<ul class=\"font_8\">\n<li>\n<p class=\"font_8\">Eliminar sus datos personales de nuestros registros.<\/p>\n<\/li>\n<li>\n<p class=\"font_8\">Pida a cualquier proveedor de servicios que elimine sus datos personales de sus registros.<\/p>\n<\/li>\n<\/ul>\n<p class=\"font_8\">Tenga en cuenta que es posible que no podamos atender las solicitudes de eliminaci\u00f3n de sus datos personales si es necesario:<\/p>\n<ul class=\"font_8\">\n<li>\n<p class=\"font_8\">Ejercer la libertad de expresi\u00f3n, garantizar el derecho de otro consumidor a ejercer su derecho a la libertad de expresi\u00f3n o ejercer otro derecho previsto por la ley;<\/p>\n<\/li>\n<li>\n<p class=\"font_8\">Cumplir la Ley de Privacidad de las Comunicaciones Electr\u00f3nicas de California;<\/p>\n<\/li>\n<li>\n<p class=\"font_8\">Participar en investigaciones cient\u00edficas, hist\u00f3ricas o estad\u00edsticas p\u00fablicas o revisadas por expertos en inter\u00e9s p\u00fablico que respeten el resto de leyes \u00e9ticas y de privacidad aplicables, cuando sea probable que nuestra eliminaci\u00f3n de la informaci\u00f3n imposibilite o perjudique gravemente la realizaci\u00f3n de dichas investigaciones, siempre que hayamos obtenido su consentimiento informado;<\/p>\n<\/li>\n<li>\n<p class=\"font_8\">Permitir \u00fanicamente usos internos que se ajusten razonablemente a sus expectativas en funci\u00f3n de su relaci\u00f3n con nosotros;<\/p>\n<\/li>\n<li>\n<p class=\"font_8\">Cumplir una obligaci\u00f3n legal existente; o<\/p>\n<\/li>\n<li>\n<p class=\"font_8\">Por lo dem\u00e1s, utilizar su informaci\u00f3n personal, internamente, de forma l\u00edcita y compatible con el contexto en el que usted facilit\u00f3 la informaci\u00f3n.<\/p>\n<\/li>\n<\/ul>\n<p class=\"font_8\"><strong>Menores de trece a\u00f1os<\/strong><\/p>\n<p class=\"font_8\">CASTICO no recopila conscientemente informaci\u00f3n de identificaci\u00f3n personal de ni\u00f1os menores de trece a\u00f1os. Si tiene menos de trece a\u00f1os, debe pedir permiso a sus padres o tutores para utilizar este sitio web.<\/p>\n<p class=\"font_8\"><strong>Sitios externos de almacenamiento de datos<\/strong><\/p>\n<p class=\"font_8\">Podemos almacenar sus datos en servidores proporcionados por terceros proveedores de alojamiento con los que hemos contratado.<\/p>\n<p class=\"font_8\"><strong>Cambios en esta declaraci\u00f3n<\/strong><\/p>\n<p class=\"font_8\">CASTICO se reserva el derecho a modificar esta Pol\u00edtica de Privacidad de vez en cuando. Le notificaremos los cambios significativos en la forma en que tratamos la informaci\u00f3n personal envi\u00e1ndole un aviso a la direcci\u00f3n de correo electr\u00f3nico principal especificada en su cuenta, colocando un aviso destacado en nuestro sitio web y\/o actualizando cualquier informaci\u00f3n sobre privacidad. Su uso continuado del sitio web y\/o de los Servicios disponibles despu\u00e9s de dichas modificaciones constituir\u00e1 su consentimiento: (a) el reconocimiento de la Pol\u00edtica de Privacidad modificada; y (b) el acuerdo de acatar y estar vinculado por dicha Pol\u00edtica.<\/p>\n<p class=\"font_8\"><strong>Informaci\u00f3n de contacto<\/strong><\/p>\n<p class=\"font_8\">CASTICO agradece sus preguntas o comentarios relativos a esta Declaraci\u00f3n de Privacidad. Si Usted cree que CASTICO no se ha ce\u00f1ido a esta Declaraci\u00f3n, por favor, p\u00f3ngase en contacto con CASTICO a trav\u00e9s de la siguiente direcci\u00f3n:<\/p>\n<p class=\"font_8\">CASTING INTERNATIONAL COMPOSITES, LLC<\/p>\n<p class=\"font_8\">1704 Haggars St, Weslaco, TX 78599<\/p>\n<p class=\"font_8\">Direcci\u00f3n de correo electr\u00f3nico:<\/p>\n<p class=\"font_8\"><a>contact@castico-tx.com<\/a><\/p>\n<p class=\"font_8\">N\u00famero de tel\u00e9fono:<\/p>\n<p class=\"font_8\"><a>(844) 364-2502<\/a><\/p>\n<p class=\"font_8\">En vigor a partir del 8 de diciembre de 2021<\/p>\n[\/vc_column_text][\/vc_column_inner][\/vc_row_inner][\/vc_column][\/vc_row]\n<\/div>","protected":false},"excerpt":{"rendered":"<p>[vc_row][vc_column][vc_row_inner][vc_column_inner][vc_column_text] Proteger su informaci\u00f3n privada es nuestra prioridad. Esta declaraci\u00f3n de privacidad se aplica a [&hellip;]<\/p>\n","protected":false},"author":1,"featured_media":0,"parent":0,"menu_order":0,"comment_status":"closed","ping_status":"open","template":"","meta":{"footnotes":""},"class_list":["post-5262","page","type-page","status-publish","hentry"],"_links":{"self":[{"href":"https:\/\/castinginternationalcomposites.com\/es\/wp-json\/wp\/v2\/pages\/5262","targetHints":{"allow":["GET"]}}],"collection":[{"href":"https:\/\/castinginternationalcomposites.com\/es\/wp-json\/wp\/v2\/pages"}],"about":[{"href":"https:\/\/castinginternationalcomposites.com\/es\/wp-json\/wp\/v2\/types\/page"}],"author":[{"embeddable":true,"href":"https:\/\/castinginternationalcomposites.com\/es\/wp-json\/wp\/v2\/users\/1"}],"replies":[{"embeddable":true,"href":"https:\/\/castinginternationalcomposites.com\/es\/wp-json\/wp\/v2\/comments?post=5262"}],"version-history":[{"count":2,"href":"https:\/\/castinginternationalcomposites.com\/es\/wp-json\/wp\/v2\/pages\/5262\/revisions"}],"predecessor-version":[{"id":5264,"href":"https:\/\/castinginternationalcomposites.com\/es\/wp-json\/wp\/v2\/pages\/5262\/revisions\/5264"}],"wp:attachment":[{"href":"https:\/\/castinginternationalcomposites.com\/es\/wp-json\/wp\/v2\/media?parent=5262"}],"curies":[{"name":"wp","href":"https:\/\/api.w.org\/{rel}","templated":true}]}}