{"id":4076,"date":"2023-12-09T19:12:31","date_gmt":"2023-12-09T19:12:31","guid":{"rendered":"https:\/\/castinginternationalcomposites.com\/terminos-y-condiciones\/"},"modified":"2023-12-10T17:39:32","modified_gmt":"2023-12-10T17:39:32","slug":"terminos-y-condiciones","status":"publish","type":"page","link":"https:\/\/castinginternationalcomposites.com\/es\/terminos-y-condiciones\/","title":{"rendered":"T\u00e9rminos y Condiciones"},"content":{"rendered":"<div class=\"wpb-content-wrapper\">[vc_row type=&#8221;full_width_background&#8221; full_screen_row_position=&#8221;middle&#8221; column_margin=&#8221;default&#8221; column_direction=&#8221;default&#8221; column_direction_tablet=&#8221;default&#8221; column_direction_phone=&#8221;default&#8221; bg_image=&#8221;76&#8243; bg_position=&#8221;center center&#8221; background_image_loading=&#8221;default&#8221; bg_repeat=&#8221;no-repeat&#8221; scene_position=&#8221;center&#8221; top_padding=&#8221;12%&#8221; bottom_padding=&#8221;12%&#8221; text_color=&#8221;dark&#8221; text_align=&#8221;left&#8221; row_border_radius=&#8221;none&#8221; row_border_radius_applies=&#8221;bg&#8221; overflow=&#8221;visible&#8221; overlay_strength=&#8221;0.3&#8243; gradient_direction=&#8221;left_to_right&#8221; shape_divider_position=&#8221;bottom&#8221; bg_image_animation=&#8221;none&#8221; gradient_type=&#8221;default&#8221; shape_type=&#8221;&#8221;][vc_column column_padding=&#8221;no-extra-padding&#8221; column_padding_tablet=&#8221;inherit&#8221; column_padding_phone=&#8221;inherit&#8221; column_padding_position=&#8221;all&#8221; column_element_direction_desktop=&#8221;default&#8221; column_element_spacing=&#8221;default&#8221; desktop_text_alignment=&#8221;default&#8221; tablet_text_alignment=&#8221;default&#8221; phone_text_alignment=&#8221;default&#8221; background_color_opacity=&#8221;1&#8243; background_hover_color_opacity=&#8221;1&#8243; column_backdrop_filter=&#8221;none&#8221; column_shadow=&#8221;none&#8221; column_border_radius=&#8221;none&#8221; column_link_target=&#8221;_self&#8221; column_position=&#8221;default&#8221; gradient_direction=&#8221;left_to_right&#8221; overlay_strength=&#8221;0.3&#8243; tablet_width_inherit=&#8221;default&#8221; animation_type=&#8221;default&#8221; bg_image_animation=&#8221;none&#8221; border_type=&#8221;simple&#8221; column_border_width=&#8221;none&#8221; column_border_style=&#8221;solid&#8221;][vc_row_inner column_margin=&#8221;default&#8221; column_direction=&#8221;default&#8221; column_direction_tablet=&#8221;default&#8221; column_direction_phone=&#8221;default&#8221; text_align=&#8221;left&#8221; row_position=&#8221;default&#8221; row_position_tablet=&#8221;inherit&#8221; row_position_phone=&#8221;inherit&#8221; overflow=&#8221;visible&#8221; pointer_events=&#8221;all&#8221;][vc_column_inner column_padding=&#8221;no-extra-padding&#8221; column_padding_tablet=&#8221;inherit&#8221; column_padding_phone=&#8221;inherit&#8221; column_padding_position=&#8221;all&#8221; column_element_direction_desktop=&#8221;default&#8221; column_element_spacing=&#8221;default&#8221; desktop_text_alignment=&#8221;default&#8221; tablet_text_alignment=&#8221;default&#8221; phone_text_alignment=&#8221;default&#8221; background_color_opacity=&#8221;1&#8243; background_hover_color_opacity=&#8221;1&#8243; column_backdrop_filter=&#8221;none&#8221; column_shadow=&#8221;none&#8221; column_border_radius=&#8221;none&#8221; column_link_target=&#8221;_self&#8221; overflow=&#8221;visible&#8221; gradient_direction=&#8221;left_to_right&#8221; overlay_strength=&#8221;0.3&#8243; tablet_width_inherit=&#8221;default&#8221; animation_type=&#8221;default&#8221; bg_image_animation=&#8221;none&#8221; border_type=&#8221;simple&#8221; column_border_width=&#8221;none&#8221; column_border_style=&#8221;solid&#8221;][vc_column_text]<strong>Condiciones de Uso <\/strong><\/p>\n<p><span data-contrast=\"none\">Bienvenidos a CASTICO. CASTICO proporciona un sitio web y otros servicios electr\u00f3nicos sujetos a las condiciones que se establecen a continuaci\u00f3n (\u201cCondiciones\u201d). Al usar y comprar a trav\u00e9s de los sitios web de Castico, los servicios m\u00f3viles de CASTICO, las aplicaciones de software de CASTICO que usted descarga y otros sitios web y servicios existentes o futuros que incorporan expresamente estas Condiciones (&#8220;Servicios de Castico&#8221;), usted acepta estas Condiciones. En algunos casos, un Servicio CASTICO en particular o un producto adquirido a trav\u00e9s de los Servicios CASTICO puede estar sujeto a pol\u00edticas, pautas, t\u00e9rminos y\/o acuerdos adicionales (\u201cT\u00e9rminos\u201d). En caso de que dichos T\u00e9rminos sean incompatibles con estas Condiciones, prevalecer\u00e1n los T\u00e9rminos. <\/span><span data-ccp-props=\"{\"134233118\":false,\"201341983\":0,\"335559739\":270,\"335559740\":259}\"> <\/span><\/p>\n<p><span data-contrast=\"none\">Por favor lea atentamente estas Condiciones. Si no desea estar sujeto a estas Condiciones, no acceda ni utilice los Servicios de CASTICO. <\/span><span data-ccp-props=\"{\"134233118\":false,\"201341983\":0,\"335559739\":270,\"335559740\":259}\"> <\/span><\/p>\n<p><b><span data-contrast=\"none\">Leyes Aplicables <\/span><\/b><br \/>\n<span data-contrast=\"none\">CASTICO no garantiza que el contenido incluido en cualquiera de los Servicios de CASTICO sea apropiado o est\u00e9 disponible para su uso en lugares distintos de los Estados Unidos, y est\u00e1 prohibido el acceso a los Servicios de CASTICO desde territorios donde su contenido es ilegal. Quienes eligen acceder a los Servicios de CASTICO desde ubicaciones fuera de los Estados Unidos lo hacen por iniciativa propia y son responsables del cumplimiento de las leyes locales aplicables. No puede utilizar ni exportar el contenido incluido en ning\u00fan Servicio de CASTICO en violaci\u00f3n de las leyes y regulaciones de exportaci\u00f3n de EE. UU. <\/span><span data-ccp-props=\"{\"134233118\":false,\"201341983\":0,\"335559739\":270,\"335559740\":259}\"> <\/span><\/p>\n<p><b><span data-contrast=\"none\">Cambio de T\u00e9rminos<\/span><\/b><br \/>\n<span data-contrast=\"none\"> CASTICO puede, a su exclusivo criterio, revisar o agregar nuevos t\u00e9rminos a estas Condiciones de vez en cuando sin previo aviso. Dichas revisiones y adiciones se considerar\u00e1n efectivas inmediatamente despu\u00e9s de la notificaci\u00f3n, que CASTICO puede proporcionar por cualquier medio, incluido, entre otros, la publicaci\u00f3n de las Condiciones revisadas en los Servicios de CASTICO. Usted es responsable de revisar los Servicios de CASTICO para detectar cualquier modificaci\u00f3n a estas Condiciones que pueda afectar sus derechos u obligaciones. Cualquier acceso o uso por su parte de los Servicios de CASTICO despu\u00e9s de cambios en estas Condiciones constituir\u00e1 su aceptaci\u00f3n de los t\u00e9rminos revisados.<\/span><span data-ccp-props=\"{\"134233118\":false,\"201341983\":0,\"335559739\":270,\"335559740\":259}\"> <\/span><\/p>\n<p><b><span data-contrast=\"none\">Pedidos y Precios<\/span><\/b><br \/>\n<span data-contrast=\"none\"> CASTICO se reserva el derecho de descontinuar o cambiar las especificaciones y precios de los productos sin previo aviso. Los productos est\u00e1n disponibles hasta agotar existencias. Los errores involuntarios en los precios anunciados no son vinculantes para CASTICO y CASTICO puede ajustarlos en cualquier momento. La realizaci\u00f3n de un pedido y la recepci\u00f3n de una confirmaci\u00f3n del mismo no constituyen la aceptaci\u00f3n final de un pedido. Es posible que sea necesario confirmar cierta informaci\u00f3n antes de aceptar su pedido. Su pedido, o cualquier parte del mismo, puede ser rechazado incluso despu\u00e9s de recibir una confirmaci\u00f3n del pedido.<\/span><span data-ccp-props=\"{\"134233118\":false,\"201341983\":0,\"335559739\":270,\"335559740\":259}\"> <\/span><\/p>\n<p><b><span data-contrast=\"none\">Garant\u00eda<\/span><\/b><span data-ccp-props=\"{\"134233118\":false,\"201341983\":0,\"335559739\":270,\"335559740\":259}\"> <\/span><\/p>\n<p><span data-contrast=\"none\">CASTICO por la presente garantiza al comprador original que todos los productos est\u00e1n libres de defectos de materiales y mano de obra. Esta garant\u00eda se limita expresamente a la reparaci\u00f3n o reemplazo de la pieza defectuosa a discreci\u00f3n de CASTICO, y no incluye mano de obra para su remoci\u00f3n o reemplazo. Esta garant\u00eda no se extiende a defectos causados por manipulaci\u00f3n, almacenamiento, instalaci\u00f3n, montaje o desmontaje inadecuados, da\u00f1os intencionales, modificaciones del producto, mal uso accidental, abuso o negligencia. CASTICO no ofrece otras garant\u00edas distintas a las establecidas en este documento y por el presente se renuncia a todas las dem\u00e1s garant\u00edas. Las garant\u00edas limitadas establecidas en este documento se limitan al primer comprador y al comprador original y no son transferibles. Para servicios de garant\u00eda llame al (844) 364-2502.<\/span><span data-ccp-props=\"{\"134233118\":false,\"201341983\":0,\"335559739\":270,\"335559740\":259}\"> <\/span><\/p>\n<p><span data-ccp-props=\"{\"134233118\":false,\"201341983\":0,\"335559739\":270,\"335559740\":259}\"> <\/span><\/p>\n<p><b><span data-contrast=\"none\">Contenido<\/span><\/b><br \/>\n<span data-contrast=\"none\"> Los derechos de autor de los documentos y materiales de los Servicios de CASTICO son propiedad de CASTICO o tienen licencia para ello. Est\u00e1 autorizado a utilizar este material \u00fanicamente para fines personales y no comerciales. Puede descargar, imprimir y almacenar copias de este material para su uso personal y no comercial. Las im\u00e1genes de personas o lugares mostradas en los Servicios de CASTICO son propiedad de CASTICO o se utilizan con su permiso. El uso de estas im\u00e1genes por parte de usted o de cualquier otra persona autorizada por usted est\u00e1 prohibido a menos que estas Condiciones lo permitan espec\u00edficamente o se proporcione un permiso espec\u00edfico en otra parte de los Servicios de CASTICO. Cualquier uso no autorizado de estas im\u00e1genes puede violar las leyes de derechos de autor, las leyes de marcas registradas, las leyes de privacidad y publicidad, y las regulaciones y estatutos que rigen las comunicaciones. Nada de lo contenido en los Servicios de CASTICO debe interpretarse como una concesi\u00f3n, por implicaci\u00f3n o de otro modo, de ninguna licencia o derecho a utilizar cualquier marca comercial o de servicio mostrada en los Servicios de CASTICO sin el permiso por escrito de CASTICO o de cualquier tercero que pueda poseer dichas marcas comerciales o servicios. marcas. CASTICO har\u00e1 cumplir agresivamente sus derechos de propiedad intelectual con el m\u00e1ximo alcance de la ley.<\/span><span data-ccp-props=\"{\"134233118\":false,\"201341983\":0,\"335559739\":270,\"335559740\":259}\"> <\/span><\/p>\n<p><b><span data-contrast=\"none\">Presentaciones<\/span><\/b><br \/>\n<span data-contrast=\"none\"> Toda la informaci\u00f3n, ideas, sugerencias u otras comunicaciones que usted transmita a CASTICO con respecto a los materiales contenidos en los Servicios de CASTICO ser\u00e1n de forma no confidencial y no patentada, sujeta a las disposiciones de nuestra Pol\u00edtica de Privacidad, cuando corresponda. CASTICO y sus matrices, subsidiarias y afiliadas tendr\u00e1n la libertad de reproducir, usar, divulgar y distribuir dichas comunicaciones sin limitaci\u00f3n ni obligaci\u00f3n. Tambi\u00e9n puede publicar rese\u00f1as, comentarios, fotograf\u00edas y otro contenido, siempre que dicho contenido no sea amenazante, obsceno, difamatorio, una invasi\u00f3n de la privacidad, una infracci\u00f3n de los derechos de propiedad intelectual o de otro modo objetable o que pueda infringir los derechos de terceros.<\/span><span data-ccp-props=\"{\"134233118\":false,\"201341983\":0,\"335559739\":270,\"335559740\":259}\"> <\/span><\/p>\n<p><span data-contrast=\"none\">Para todo el contenido que publica o env\u00eda a los Servicios de CASTICO, le otorga a CASTICO un derecho perpetuo, irrevocable, no exclusivo, libre de regal\u00edas y totalmente sublicenciable para usar, reproducir, modificar, adaptar, publicar, traducir y crear trabajos derivados de , distribuir y mostrar dicho contenido en todo el mundo a trav\u00e9s de cualquier medio, incluida, entre otras, la transmisi\u00f3n de dicho contenido por televisi\u00f3n. Usted otorga a CASTICO y sus sublicenciatarios el derecho de usar el nombre que env\u00ede en relaci\u00f3n con dicho contenido. Usted declara y garantiza que posee o controla todos los derechos sobre el contenido que env\u00eda, que el contenido es preciso, que el uso del contenido que proporciona no violar\u00e1 estas Condiciones y no causar\u00e1 da\u00f1o a ninguna persona o entidad, y que indemnizar\u00e1 a CASTICO por todos los reclamos resultantes de cualquier contenido que usted proporcione. CASTICO tiene el derecho, pero no la obligaci\u00f3n, de monitorear cualquier actividad y de editar o eliminar cualquier contenido. CASTICO no asume ninguna responsabilidad por el contenido publicado por usted o por un tercero.<\/span><span data-ccp-props=\"{\"134233118\":false,\"201341983\":0,\"335559739\":270,\"335559740\":259}\"> <\/span><\/p>\n<p><b><span data-contrast=\"none\">Enlaces A Otros Sitios Y Servicios<\/span><\/b><br \/>\n<span data-contrast=\"none\"> Los enlaces a otros sitios y servicios de Internet operados por terceros, incluidos los proveedores de CASTICO, no constituyen patrocinio, respaldo o aprobaci\u00f3n por parte de CASTICO del contenido, pol\u00edticas o pr\u00e1cticas de dichos sitios o servicios vinculados. CASTICO no es responsable de la disponibilidad, el contenido, la seguridad, las pol\u00edticas o las pr\u00e1cticas de los sitios o servicios vinculados, incluida, entre otras, la exactitud del contenido de los sitios o servicios vinculados y las pol\u00edticas y pr\u00e1cticas de privacidad de los sitios y servicios vinculados.<\/span><span data-ccp-props=\"{\"134233118\":false,\"201341983\":0,\"335559739\":270,\"335559740\":259}\"> <\/span><\/p>\n<p><b><span data-contrast=\"none\">Comunicaciones Electr\u00f3nicas<\/span><\/b><br \/>\n<span data-contrast=\"none\"> Cuando accede o utiliza los Servicios de CASTICO, env\u00eda correos electr\u00f3nicos a CASTICO o recibe comunicaciones electr\u00f3nicas de CASTICO, usted est\u00e1 y acepta comunicarse con CASTICO electr\u00f3nicamente. CASTICO puede comunicarse con usted por correo electr\u00f3nico o publicando avisos en uno o m\u00e1s de los Servicios de CASTICO. Usted acepta que todos los avisos, divulgaciones, acuerdos, pol\u00edticas y otras comunicaciones que CASTICO le proporciona electr\u00f3nicamente satisfacen cualquier requisito de que dichas comunicaciones se realicen por escrito.<\/span><span data-ccp-props=\"{\"134233118\":false,\"201341983\":0,\"335559739\":270,\"335559740\":259}\"> <\/span><\/p>\n<p><b><span data-contrast=\"none\">Servicios M\u00f3viles<\/span><\/b><br \/>\n<span data-contrast=\"none\"> Los Servicios de CASTICO pueden incluir ciertos servicios a los que puede acceder a trav\u00e9s de su tel\u00e9fono m\u00f3vil u otro dispositivo m\u00f3vil, incluidos servicios que le permiten usar su dispositivo m\u00f3vil para realizar pedidos, recibir y responder mensajes de CASTICO y acceder a otras funciones (colectivamente, los &#8220;Servicios M\u00f3viles&#8221;). CASTICO no cobra por los Servicios M\u00f3viles. Sin embargo, cuando accede o se registra en Servicios m\u00f3viles, reconoce, acepta y comprende que su proveedor de servicios inal\u00e1mbricos puede incurrir en cargos por todos los mensajes que le env\u00ede CASTICO, sus empresas matrices o cualquiera de sus filiales o subsidiarias corporativas. Se aplicar\u00e1n tarifas de mensajer\u00eda est\u00e1ndar, a menos que se indique lo contrario. Bajo ninguna circunstancia CASTICO, sus empresas matrices o cualquiera de sus afiliados o subsidiarias corporativas ser\u00e1n responsables de ning\u00fan correo electr\u00f3nico inal\u00e1mbrico, mensajes de texto u otros cargos incurridos por usted o por cualquier individuo que tenga acceso a su dispositivo inal\u00e1mbrico, tel\u00e9fono n\u00famero o direcci\u00f3n de correo electr\u00f3nico. Su proveedor de servicios m\u00f3viles puede prohibir o restringir la descarga, instalaci\u00f3n, uso o acceso a ciertos servicios m\u00f3viles, y es posible que no todos los servicios m\u00f3viles funcionen con su dispositivo. Usted es responsable de confirmar con su proveedor de servicios si los Servicios m\u00f3viles est\u00e1n disponibles para su dispositivo m\u00f3vil, si se pueden aplicar restricciones a su uso de los Servicios m\u00f3viles y si se pueden aplicar cargos a su uso de los Servicios m\u00f3viles. Tenga en cuenta que los cargos de prima pueden aplicarse de forma \u00fanica y\/o recurrente y pueden cargarse a usted en su factura regular o deducirse de cualquier saldo prepago. Al utilizar los Servicios m\u00f3viles, usted acepta que CASTICO pueda comunicarse con usted a trav\u00e9s de su dispositivo m\u00f3vil y que cierta informaci\u00f3n sobre su uso de los Servicios m\u00f3viles pueda comunicarse a CASTICO. Si cambia o desactiva su tel\u00e9fono m\u00f3vil u otro n\u00famero de acceso, acepta actualizar de inmediato la informaci\u00f3n de su cuenta de suscripci\u00f3n m\u00f3vil para garantizar que los mensajes que CASTICO pretende enviarle no se env\u00eden a otra persona.<\/span><span data-ccp-props=\"{\"134233118\":false,\"201341983\":0,\"335559739\":270,\"335559740\":259}\"> <\/span><\/p>\n<p><span data-contrast=\"none\">Servicio al Cliente al + 1 (844) 364 2502 o enviando una solicitud por correo a Servicio al Cliente de CASTICO <\/span><a href=\"mailto:Contact@castico-tx.com\"><span data-contrast=\"none\">contact@castico-tx.com<\/span><\/a><span data-contrast=\"none\">. Siempre estaremos encantados de responder a sus preguntas y escuchar sus comentarios.<\/span><span data-ccp-props=\"{\"134233118\":false,\"201341983\":0,\"335559739\":270,\"335559740\":259}\"> <\/span><\/p>\n<p><span data-contrast=\"none\">RENUNCIA DE GARANT\u00cdAS Y LIMITACI\u00d3N DE RESPONSABILIDAD SE HA COMPROBADO LA EXACTITUD DEL MATERIAL CONTENIDO EN LOS SERVICIOS DE CASTICO. SIN EMBARGO, CASTICO NO OFRECE NINGUNA GARANT\u00cdA NI DECLARACI\u00d3N EN CUANTO A LA EXACTITUD DE DICHO MATERIAL, Y SE SUMINISTRA SIN NINGUNA GARANT\u00cdA EXPRESA O IMPL\u00cdCITA. SIN LIMITAR LO ANTERIOR, TODO LO DE LOS SERVICIOS DE CASTICO SE LE PROPORCIONA \u201cTAL CUAL\u201d SIN GARANT\u00cdA DE NING\u00daN TIPO, YA SEA EXPRESA O IMPL\u00cdCITA, INCLUYENDO, PERO NO LIMITADO A, LAS GARANT\u00cdAS IMPL\u00cdCITAS DE COMERCIABILIDAD, IDONEIDAD PARA UN PROP\u00d3SITO PARTICULAR O NO -INFRACCI\u00d3N. CASTICO RENUNCIA A TODAS LAS GARANT\u00cdAS, EXPRESAS O IMPL\u00cdCITAS, DE CUALQUIER PRODUCTO O SERVICIO OFRECIDO EN LOS SERVICIOS DE CASTICO, INCLUYENDO, SIN LIMITACI\u00d3N, GARANT\u00cdAS IMPL\u00cdCITAS DE COMERCIABILIDAD E IDONEIDAD PARA UN PROP\u00d3SITO PARTICULAR. ESTA EXENCI\u00d3N DE RESPONSABILIDAD NO SE APLICA A NINGUNA GARANT\u00cdA DEL PRODUCTO OFRECIDA POR EL FABRICANTE DEL PRODUCTO.<\/span><span data-ccp-props=\"{\"134233118\":false,\"201341983\":0,\"335559739\":270,\"335559740\":259}\"> <\/span><\/p>\n<p><span data-contrast=\"none\">ALGUNAS JURISDICCIONES PUEDEN NO PERMITIR LA EXCLUSI\u00d3N O LIMITACI\u00d3N DE GARANT\u00cdAS IMPL\u00cdCITAS, CIERTOS DA\u00d1OS O RESPONSABILIDADES. COMO RESULTADO, LAS EXENCIONES DE RESPONSABILIDAD Y LIMITACIONES MENCIONADAS ANTERIORMENTE PUEDEN NO APLICARSE A USTED.<\/span><span data-ccp-props=\"{\"134233118\":false,\"201341983\":0,\"335559739\":270,\"335559740\":259}\"> <\/span><\/p>\n<p><b><span data-contrast=\"none\">Su acceso a los servicios de CASTICO<\/span><\/b><br \/>\n<span data-contrast=\"none\"> Cuando utiliza los Servicios de CASTICO, acepta cumplir con todas las leyes, estatutos, ordenanzas y regulaciones aplicables con respecto al uso y compra de productos y servicios a trav\u00e9s de los Servicios de CASTICO. CASTICO vende productos \u00fanicamente a adultos, quienes pueden comprar productos con tarjeta de cr\u00e9dito u otro m\u00e9todo de pago permitido. Si es menor de 18 a\u00f1os, podr\u00e1 utilizar los Servicios de CASTICO \u00fanicamente con la participaci\u00f3n de un padre o tutor. CASTICO se reserva el derecho, a su exclusivo criterio, de rechazar el servicio, eliminar o editar contenido, cancelar pedidos o cancelar cuentas de cualquiera o todos los Servicios de CASTICO. En caso de que CASTICO le niegue el acceso a uno o m\u00e1s Servicios de CASTICO, las disposiciones de estas Condiciones que rigen los derechos de autor y otros derechos de propiedad intelectual, y las exenciones de responsabilidad, indemnizaciones y limitaciones de responsabilidad establecidas en estas Condiciones sobrevivir\u00e1n a dicha terminaci\u00f3n.<\/span><span data-ccp-props=\"{\"134233118\":false,\"201341983\":0,\"335559739\":270,\"335559740\":259}\"> <\/span><\/p>\n<p><b><span data-contrast=\"none\">Miscel\u00e1neos<\/span><\/b><br \/>\n<span data-contrast=\"none\"> Estas Condiciones contienen el entendimiento completo entre usted y CASTICO con respecto al tema del presente y reemplazan todos los acuerdos y entendimientos anteriores entre usted y CASTICO con respecto al tema del presente. El hecho de que CASTICO en cualquier momento no haga cumplir cualquiera de las disposiciones de estas Condiciones no se considerar\u00e1 ni interpretar\u00e1 como una renuncia a dichas disposiciones, ni de ninguna manera afectar\u00e1 el derecho de CASTICO a hacer cumplir todas y cada una de las disposiciones de estas Condiciones. Ninguna renuncia por parte de CASTICO a cualquier incumplimiento de cualquier disposici\u00f3n de estas Condiciones se interpretar\u00e1 ni considerar\u00e1 una renuncia a cualquier otro incumplimiento posterior. Si alguna disposici\u00f3n de estas Condiciones se declara inv\u00e1lida o se determina que es inaplicable por cualquier motivo, dicha disposici\u00f3n se considerar\u00e1 separable de las disposiciones restantes de estas Condiciones, que de otro modo permanecer\u00e1n en pleno vigor y efecto. Las disposiciones relativas a sus derechos y obligaciones que, seg\u00fan el contenido de la disposici\u00f3n, operan despu\u00e9s de la terminaci\u00f3n o que son necesarias para hacer cumplir cualquier derecho sobrevivir\u00e1n a la terminaci\u00f3n o vencimiento de estas Condiciones.<\/span><\/p>\n<p><span data-contrast=\"none\">Estas Condiciones se regir\u00e1n e interpretar\u00e1n de acuerdo con las leyes internas del Estado de Texas sin tener en cuenta los principios de conflicto de leyes. Cualquier demanda presentada en virtud de estas Condiciones o en relaci\u00f3n con ellas podr\u00e1 presentarse \u00fanicamente en los tribunales del Estado de Texas y Castico y usted acepta la jurisdicci\u00f3n personal y la jurisdicci\u00f3n de dichos tribunales.<\/span><span data-ccp-props=\"{\"134233118\":false,\"201341983\":0,\"335559739\":270,\"335559740\":259}\"> <\/span><\/p>\n<p><span data-ccp-props=\"{\"201341983\":0,\"335559739\":160,\"335559740\":259}\"> <\/span>[\/vc_column_text][\/vc_column_inner][\/vc_row_inner][\/vc_column][\/vc_row]\n<\/div>","protected":false},"excerpt":{"rendered":"<p>[vc_row type=&#8221;full_width_background&#8221; full_screen_row_position=&#8221;middle&#8221; column_margin=&#8221;default&#8221; column_direction=&#8221;default&#8221; column_direction_tablet=&#8221;default&#8221; column_direction_phone=&#8221;default&#8221; bg_image=&#8221;76&#8243; bg_position=&#8221;center center&#8221; background_image_loading=&#8221;default&#8221; bg_repeat=&#8221;no-repeat&#8221; scene_position=&#8221;center&#8221; top_padding=&#8221;12%&#8221; bottom_padding=&#8221;12%&#8221; [&hellip;]<\/p>\n","protected":false},"author":1,"featured_media":0,"parent":0,"menu_order":0,"comment_status":"closed","ping_status":"closed","template":"","meta":{"footnotes":""},"class_list":["post-4076","page","type-page","status-publish","hentry"],"_links":{"self":[{"href":"https:\/\/castinginternationalcomposites.com\/es\/wp-json\/wp\/v2\/pages\/4076","targetHints":{"allow":["GET"]}}],"collection":[{"href":"https:\/\/castinginternationalcomposites.com\/es\/wp-json\/wp\/v2\/pages"}],"about":[{"href":"https:\/\/castinginternationalcomposites.com\/es\/wp-json\/wp\/v2\/types\/page"}],"author":[{"embeddable":true,"href":"https:\/\/castinginternationalcomposites.com\/es\/wp-json\/wp\/v2\/users\/1"}],"replies":[{"embeddable":true,"href":"https:\/\/castinginternationalcomposites.com\/es\/wp-json\/wp\/v2\/comments?post=4076"}],"version-history":[{"count":2,"href":"https:\/\/castinginternationalcomposites.com\/es\/wp-json\/wp\/v2\/pages\/4076\/revisions"}],"predecessor-version":[{"id":4078,"href":"https:\/\/castinginternationalcomposites.com\/es\/wp-json\/wp\/v2\/pages\/4076\/revisions\/4078"}],"wp:attachment":[{"href":"https:\/\/castinginternationalcomposites.com\/es\/wp-json\/wp\/v2\/media?parent=4076"}],"curies":[{"name":"wp","href":"https:\/\/api.w.org\/{rel}","templated":true}]}}