{"id":2709,"date":"2023-11-27T09:24:04","date_gmt":"2023-11-27T09:24:04","guid":{"rendered":"https:\/\/castinginternationalcomposites.com\/soporte\/"},"modified":"2023-12-12T07:27:52","modified_gmt":"2023-12-12T07:27:52","slug":"soporte","status":"publish","type":"page","link":"https:\/\/castinginternationalcomposites.com\/es\/soporte\/","title":{"rendered":"Soporte"},"content":{"rendered":"<div class=\"wpb-content-wrapper\">[vc_row equal_height=&#8221;yes&#8221; content_placement=&#8221;middle&#8221; type=&#8221;full_width_background&#8221; full_screen_row_position=&#8221;middle&#8221; column_margin=&#8221;default&#8221; column_direction=&#8221;default&#8221; column_direction_tablet=&#8221;default&#8221; column_direction_phone=&#8221;default&#8221; scene_position=&#8221;center&#8221; top_padding=&#8221;7%&#8221; constrain_group_1=&#8221;yes&#8221; bottom_padding=&#8221;7%&#8221; text_color=&#8221;dark&#8221; text_align=&#8221;left&#8221; row_border_radius=&#8221;none&#8221; row_border_radius_applies=&#8221;bg&#8221; overflow=&#8221;visible&#8221; overlay_strength=&#8221;0.3&#8243; gradient_direction=&#8221;left_to_right&#8221; shape_divider_position=&#8221;bottom&#8221; bg_image_animation=&#8221;none&#8221; gradient_type=&#8221;default&#8221; shape_type=&#8221;&#8221; css=&#8221;.vc_custom_1702027439206{padding-top: 5% !important;padding-bottom: 5% !important;}&#8221;][vc_column column_padding=&#8221;no-extra-padding&#8221; column_padding_tablet=&#8221;inherit&#8221; column_padding_phone=&#8221;inherit&#8221; column_padding_position=&#8221;all&#8221; column_element_direction_desktop=&#8221;default&#8221; column_element_spacing=&#8221;default&#8221; desktop_text_alignment=&#8221;default&#8221; tablet_text_alignment=&#8221;default&#8221; phone_text_alignment=&#8221;default&#8221; background_color_opacity=&#8221;1&#8243; background_hover_color_opacity=&#8221;1&#8243; column_backdrop_filter=&#8221;none&#8221; column_shadow=&#8221;none&#8221; column_border_radius=&#8221;none&#8221; column_link_target=&#8221;_self&#8221; column_position=&#8221;default&#8221; gradient_direction=&#8221;left_to_right&#8221; overlay_strength=&#8221;0.3&#8243; tablet_width_inherit=&#8221;default&#8221; animation_type=&#8221;default&#8221; bg_image_animation=&#8221;none&#8221; border_type=&#8221;simple&#8221; column_border_width=&#8221;none&#8221; column_border_style=&#8221;solid&#8221;][vc_row_inner column_margin=&#8221;default&#8221; column_direction=&#8221;default&#8221; column_direction_tablet=&#8221;default&#8221; column_direction_phone=&#8221;default&#8221; text_align=&#8221;left&#8221; row_position=&#8221;default&#8221; row_position_tablet=&#8221;inherit&#8221; row_position_phone=&#8221;inherit&#8221; overflow=&#8221;visible&#8221; pointer_events=&#8221;all&#8221;][vc_column_inner width=&#8221;1\/2&#8243; column_padding=&#8221;no-extra-padding&#8221; column_padding_tablet=&#8221;inherit&#8221; column_padding_phone=&#8221;inherit&#8221; column_padding_position=&#8221;all&#8221; column_element_direction_desktop=&#8221;default&#8221; column_element_spacing=&#8221;default&#8221; desktop_text_alignment=&#8221;default&#8221; tablet_text_alignment=&#8221;default&#8221; phone_text_alignment=&#8221;default&#8221; background_color_opacity=&#8221;1&#8243; background_hover_color_opacity=&#8221;1&#8243; column_backdrop_filter=&#8221;none&#8221; column_shadow=&#8221;none&#8221; column_border_radius=&#8221;none&#8221; column_link_target=&#8221;_self&#8221; overflow=&#8221;visible&#8221; gradient_direction=&#8221;left_to_right&#8221; overlay_strength=&#8221;0.3&#8243; tablet_width_inherit=&#8221;default&#8221; animation_type=&#8221;default&#8221; bg_image_animation=&#8221;none&#8221; border_type=&#8221;simple&#8221; column_border_width=&#8221;none&#8221; column_border_style=&#8221;solid&#8221;][vc_custom_heading text=&#8221;Soporte&#8221; font_container=&#8221;tag:h1|text_align:left|color:%230a0a0a&#8221; use_theme_fonts=&#8221;yes&#8221;][vc_custom_heading text=&#8221;Resuelva un problema, identifique su producto, lea consejos de expertos y encuentre informaci\u00f3n sobre la garant\u00eda.&#8221; font_container=&#8221;tag:h2|text_align:left|color:%230a0a0a&#8221; use_theme_fonts=&#8221;yes&#8221;][\/vc_column_inner][vc_column_inner width=&#8221;1\/2&#8243; column_padding=&#8221;no-extra-padding&#8221; column_padding_tablet=&#8221;inherit&#8221; column_padding_phone=&#8221;inherit&#8221; column_padding_position=&#8221;all&#8221; column_element_direction_desktop=&#8221;default&#8221; column_element_spacing=&#8221;default&#8221; desktop_text_alignment=&#8221;default&#8221; tablet_text_alignment=&#8221;default&#8221; phone_text_alignment=&#8221;default&#8221; background_color_opacity=&#8221;1&#8243; background_hover_color_opacity=&#8221;1&#8243; column_backdrop_filter=&#8221;none&#8221; column_shadow=&#8221;none&#8221; column_border_radius=&#8221;none&#8221; column_link_target=&#8221;_self&#8221; overflow=&#8221;visible&#8221; gradient_direction=&#8221;left_to_right&#8221; overlay_strength=&#8221;0.3&#8243; tablet_width_inherit=&#8221;default&#8221; animation_type=&#8221;default&#8221; bg_image_animation=&#8221;none&#8221; border_type=&#8221;simple&#8221; column_border_width=&#8221;none&#8221; column_border_style=&#8221;solid&#8221;][vc_single_image image=&#8221;2036&#8243; img_size=&#8221;full&#8221; alignment=&#8221;right&#8221;][\/vc_column_inner][\/vc_row_inner][\/vc_column][\/vc_row][vc_row type=&#8221;in_container&#8221; full_screen_row_position=&#8221;middle&#8221; column_margin=&#8221;default&#8221; column_direction=&#8221;default&#8221; column_direction_tablet=&#8221;default&#8221; column_direction_phone=&#8221;default&#8221; scene_position=&#8221;center&#8221; text_color=&#8221;dark&#8221; text_align=&#8221;left&#8221; row_border_radius=&#8221;none&#8221; row_border_radius_applies=&#8221;bg&#8221; overflow=&#8221;visible&#8221; overlay_strength=&#8221;0.3&#8243; gradient_direction=&#8221;left_to_right&#8221; shape_divider_position=&#8221;bottom&#8221; bg_image_animation=&#8221;none&#8221; css=&#8221;.vc_custom_1702026852921{padding-top: 5% !important;padding-bottom: 5% !important;}&#8221;][vc_column column_padding=&#8221;no-extra-padding&#8221; column_padding_tablet=&#8221;inherit&#8221; column_padding_phone=&#8221;inherit&#8221; column_padding_position=&#8221;all&#8221; column_element_direction_desktop=&#8221;default&#8221; column_element_spacing=&#8221;default&#8221; desktop_text_alignment=&#8221;default&#8221; tablet_text_alignment=&#8221;default&#8221; phone_text_alignment=&#8221;default&#8221; background_color_opacity=&#8221;1&#8243; background_hover_color_opacity=&#8221;1&#8243; column_backdrop_filter=&#8221;none&#8221; column_shadow=&#8221;none&#8221; column_border_radius=&#8221;none&#8221; column_link_target=&#8221;_self&#8221; column_position=&#8221;default&#8221; gradient_direction=&#8221;left_to_right&#8221; overlay_strength=&#8221;0.3&#8243; tablet_width_inherit=&#8221;default&#8221; animation_type=&#8221;default&#8221; bg_image_animation=&#8221;none&#8221; border_type=&#8221;simple&#8221; column_border_width=&#8221;none&#8221; column_border_style=&#8221;solid&#8221;][vc_row_inner][vc_column_inner width=&#8221;1\/2&#8243;][vc_custom_heading text=&#8221;Soporte De Instalaci\u00f3n&#8221; use_theme_fonts=&#8221;yes&#8221; el_class=&#8221;title-animated&#8221;][\/vc_column_inner][vc_column_inner width=&#8221;1\/2&#8243;][\/vc_column_inner][\/vc_row_inner][vc_tta_tabs alignment=&#8221;center&#8221; active_section=&#8221;1&#8243; css=&#8221;.vc_custom_1702026251702{padding-top: 5% !important;padding-bottom: 5% !important;}&#8221;][vc_tta_section title=&#8221;KIT DE REGADERA ALCOBA&#8221; tab_id=&#8221;1702023085937-2551a4aa-34c7&#8243;][vc_row_inner content_placement=&#8221;middle&#8221; css=&#8221;.vc_custom_1702027008939{padding-top: 3% !important;padding-bottom: 3% !important;}&#8221;][vc_column_inner width=&#8221;1\/2&#8243;][vc_custom_heading text=&#8221;V\u00cdDEO DE INSTALACI\u00d3N&#8221; font_container=&#8221;tag:h3|text_align:left|color:%230a0a0a&#8221; use_theme_fonts=&#8221;yes&#8221;][vc_video link=&#8221;&#8221;][\/vc_column_inner][vc_column_inner width=&#8221;1\/2&#8243;][vc_icon icon_fontawesome=&#8221;far fa-file-pdf&#8221; color=&#8221;black&#8221; size=&#8221;xl&#8221; align=&#8221;center&#8221;][vc_custom_heading text=&#8221;BASE DE REGADERA<br \/>\nGU\u00cdA DE INSTALACI\u00d3N&#8221; font_container=&#8221;tag:h4|text_align:center&#8221; use_theme_fonts=&#8221;yes&#8221;][vc_column_text]\n<p style=\"text-align: center;\">Haga clic para descargar la gu\u00eda<\/p>\n[\/vc_column_text][\/vc_column_inner][\/vc_row_inner][\/vc_tta_section][vc_tta_section title=&#8221;BASE DE REGADERA&#8221; tab_id=&#8221;1702024598498-c898f9c1-f4ec&#8221;][vc_row_inner content_placement=&#8221;middle&#8221;][vc_column_inner width=&#8221;1\/2&#8243;][vc_custom_heading text=&#8221;V\u00cdDEO DE INSTALACI\u00d3N&#8221; font_container=&#8221;tag:h3|text_align:left|color:%230a0a0a&#8221; use_theme_fonts=&#8221;yes&#8221;][vc_video link=&#8221;https:\/\/www.youtube.com\/watch?v=H-QseYwrs6E&#8221;][\/vc_column_inner][vc_column_inner width=&#8221;1\/2&#8243;][vc_icon icon_fontawesome=&#8221;far fa-file-pdf&#8221; color=&#8221;black&#8221; size=&#8221;xl&#8221; align=&#8221;center&#8221;][vc_custom_heading text=&#8221;BASE DE REGADERA<br \/>\nGU\u00cdA DE INSTALACI\u00d3N&#8221; font_container=&#8221;tag:h4|text_align:center&#8221; use_theme_fonts=&#8221;yes&#8221;][vc_column_text]\n<p style=\"text-align: center;\">Haga clic para descargar la gu\u00eda<\/p>\n[\/vc_column_text][\/vc_column_inner][\/vc_row_inner][\/vc_tta_section][vc_tta_section title=&#8221;BASE DE REGADERA DE ESQUINA&#8221; tab_id=&#8221;1702024634327-ffe49f1c-74a8&#8243;][vc_row_inner][vc_column_inner width=&#8221;1\/2&#8243;][vc_custom_heading text=&#8221;V\u00cdDEO DE INSTALACI\u00d3N&#8221; font_container=&#8221;tag:h3|text_align:left|color:%230a0a0a&#8221; use_theme_fonts=&#8221;yes&#8221;][vc_video link=&#8221;https:\/\/www.youtube.com\/watch?v=H-QseYwrs6E&#8221;][\/vc_column_inner][vc_column_inner width=&#8221;1\/2&#8243;][vc_icon icon_fontawesome=&#8221;far fa-file-pdf&#8221; color=&#8221;black&#8221; size=&#8221;xl&#8221; align=&#8221;center&#8221;][vc_custom_heading text=&#8221;BASE DE REGADERA<br \/>\nGU\u00cdA DE INSTALACI\u00d3N&#8221; font_container=&#8221;tag:h4|text_align:center&#8221; use_theme_fonts=&#8221;yes&#8221;][vc_column_text]\n<p style=\"text-align: center;\">Haga clic para descargar la gu\u00eda<\/p>\n[\/vc_column_text][\/vc_column_inner][\/vc_row_inner][\/vc_tta_section][vc_tta_section title=&#8221;BA\u00d1ERA&#8221; tab_id=&#8221;1702024651575-6b058d10-59fc&#8221;][vc_row_inner content_placement=&#8221;middle&#8221;][vc_column_inner width=&#8221;1\/2&#8243;][vc_custom_heading text=&#8221;V\u00cdDEO DE INSTALACI\u00d3N&#8221; font_container=&#8221;tag:h3|text_align:left|color:%230a0a0a&#8221; use_theme_fonts=&#8221;yes&#8221;][vc_video link=&#8221;&#8221;][\/vc_column_inner][vc_column_inner width=&#8221;1\/2&#8243;][vc_icon icon_fontawesome=&#8221;far fa-file-pdf&#8221; color=&#8221;black&#8221; size=&#8221;xl&#8221; align=&#8221;center&#8221;][vc_custom_heading text=&#8221;Pr\u00f3ximamente&#8221; font_container=&#8221;tag:h4|text_align:center&#8221; use_theme_fonts=&#8221;yes&#8221;][vc_column_text]\n<p style=\"text-align: center;\">Haga clic para descargar la gu\u00eda<\/p>\n[\/vc_column_text][\/vc_column_inner][\/vc_row_inner][\/vc_tta_section][vc_tta_section title=&#8221;LAVABOS&#8221; tab_id=&#8221;1702024715947-e97b5371-5e1a&#8221;][vc_row_inner content_placement=&#8221;middle&#8221;][vc_column_inner width=&#8221;1\/2&#8243;][vc_custom_heading text=&#8221;V\u00cdDEO DE INSTALACI\u00d3N&#8221; font_container=&#8221;tag:h3|text_align:left|color:%230a0a0a&#8221; use_theme_fonts=&#8221;yes&#8221;][vc_video link=&#8221;https:\/\/youtu.be\/H-QseYwrs6E&#8221;][\/vc_column_inner][vc_column_inner width=&#8221;1\/2&#8243;][vc_icon icon_fontawesome=&#8221;far fa-file-pdf&#8221; color=&#8221;black&#8221; size=&#8221;xl&#8221; align=&#8221;center&#8221;][vc_custom_heading text=&#8221;BASE DE REGADERA<br \/>\nGU\u00cdA DE INSTALACI\u00d3N&#8221; font_container=&#8221;tag:h4|text_align:center&#8221; use_theme_fonts=&#8221;yes&#8221;][vc_column_text]\n<p style=\"text-align: center;\">Haga clic para descargar la gu\u00eda<\/p>\n[\/vc_column_text][\/vc_column_inner][\/vc_row_inner][\/vc_tta_section][vc_tta_section title=&#8221;ACCESORIOS&#8221; tab_id=&#8221;1702026720517-cb2deefb-79c2&#8243;][vc_row_inner content_placement=&#8221;middle&#8221;][vc_column_inner width=&#8221;1\/2&#8243;][vc_custom_heading text=&#8221;V\u00cdDEO DE INSTALACI\u00d3N&#8221; font_container=&#8221;tag:h3|text_align:left|color:%230a0a0a&#8221; use_theme_fonts=&#8221;yes&#8221;][vc_video link=&#8221;&#8221;][\/vc_column_inner][vc_column_inner width=&#8221;1\/2&#8243;][vc_icon icon_fontawesome=&#8221;far fa-file-pdf&#8221; color=&#8221;black&#8221; size=&#8221;xl&#8221; align=&#8221;center&#8221;][vc_custom_heading text=&#8221;Pr\u00f3ximamente&#8221; font_container=&#8221;tag:h4|text_align:center&#8221; use_theme_fonts=&#8221;yes&#8221;][vc_column_text]\n<p style=\"text-align: center;\">Haga clic para descargar la gu\u00eda<\/p>\n[\/vc_column_text][\/vc_column_inner][\/vc_row_inner][\/vc_tta_section][\/vc_tta_tabs][\/vc_column][\/vc_row][vc_row][vc_column][vc_row_inner][vc_column_inner width=&#8221;1\/2&#8243;][vc_custom_heading text=&#8221;P\u00f3ngase en contacto con nosotros&#8221; use_theme_fonts=&#8221;yes&#8221; el_class=&#8221;title-animated&#8221; el_id=&#8221;contact&#8221;][\/vc_column_inner][vc_column_inner width=&#8221;1\/2&#8243;][\/vc_column_inner][\/vc_row_inner][vc_row_inner et_column_align=&#8221;align-center&#8221;][vc_column_inner][vc_raw_html]JTNDJTIxLS0lMjBTdGFydCUyMG9mJTIwTGl2ZUFnZW50JTIwaW50ZWdyYXRpb24lMjBzY3JpcHQlM0ElMjBDb250YWN0JTIwZm9ybSUzQSUyMENhc3RpY28lMjBDb250YWN0JTIwRm9ybSUyMCUyOFMlMjklMjAtLSUzRSUwQSUzQ3NjcmlwdCUyMHR5cGUlM0QlMjJ0ZXh0JTJGamF2YXNjcmlwdCUyMiUzRSUwQSUyOGZ1bmN0aW9uJTI4ZCUyQyUyMHNyYyUyQyUyMGMlMjklMjAlN0IlMjB2YXIlMjB0JTNEZC5zY3JpcHRzJTVCZC5zY3JpcHRzLmxlbmd0aCUyMC0lMjAxJTVEJTJDcyUzRGQuY3JlYXRlRWxlbWVudCUyOCUyN3NjcmlwdCUyNyUyOSUzQnMuaWQlM0QlMjdsYV94MnM2ZGY4ZCUyNyUzQnMuZGVmZXIlM0R0cnVlJTNCcy5zcmMlM0RzcmMlM0JzLm9ubG9hZCUzRHMub25yZWFkeXN0YXRlY2hhbmdlJTNEZnVuY3Rpb24lMjglMjklN0J2YXIlMjBycyUzRHRoaXMucmVhZHlTdGF0ZSUzQmlmJTI4cnMlMjYlMjYlMjhycyUyMSUzRCUyN2NvbXBsZXRlJTI3JTI5JTI2JTI2JTI4cnMlMjElM0QlMjdsb2FkZWQlMjclMjklMjklN0JyZXR1cm4lM0IlN0RjJTI4dGhpcyUyOSUzQiU3RCUzQnQucGFyZW50RWxlbWVudC5pbnNlcnRCZWZvcmUlMjhzJTJDdC5uZXh0U2libGluZyUyOSUzQiU3RCUyOSUyOGRvY3VtZW50JTJDJTBBJTI3aHR0cHMlM0ElMkYlMkZjYXN0aWNvLmxhZGVzay5jb20lMkZzY3JpcHRzJTJGdHJhY2suanMlMjclMkMlMEFmdW5jdGlvbiUyOGUlMjklN0IlMjBMaXZlQWdlbnQuY3JlYXRlRm9ybSUyOCUyNzU1ZDZrYjN5JTI3JTJDJTIwZSUyOSUzQiUyMCU3RCUyOSUzQiUwQSUzQyUyRnNjcmlwdCUzRSUwQSUzQyUyMS0tJTIwRW5kJTIwb2YlMjBMaXZlQWdlbnQlMjBpbnRlZ3JhdGlvbiVDMiVBMHNjcmlwdCVDMiVBMC0tJTNF[\/vc_raw_html][\/vc_column_inner][\/vc_row_inner][\/vc_column][\/vc_row][vc_row css=&#8221;.vc_custom_1702223603854{padding-top: 3% !important;padding-bottom: 3% !important;}&#8221;][vc_column][vc_row_inner][vc_column_inner width=&#8221;1\/2&#8243;][vc_custom_heading text=&#8221;FAQ&#8221; use_theme_fonts=&#8221;yes&#8221; el_class=&#8221;title-animated&#8221;][\/vc_column_inner][vc_column_inner width=&#8221;1\/2&#8243;][\/vc_column_inner][\/vc_row_inner][vc_tta_accordion section_title_tag=&#8221;h3&#8243; active_section=&#8221;1&#8243; el_class=&#8221;faq&#8221;][vc_tta_section title=&#8221;\u00bfSe puede pedir un kit de regadera con otro modelo de base de regadera?&#8221; tab_id=&#8221;1702222830091-2e51a489-732c&#8221;][vc_column_text]Comun\u00edquese con servicio al cliente al 844-364-2502 o contact@castico-tx.com y le brindaremos apoyo con su proyecto.[\/vc_column_text][\/vc_tta_section][vc_tta_section title=&#8221;Falta algo en el contenido de mi paquete. \u00bfQu\u00e9 puedo hacer?&#8221; tab_id=&#8221;1702222830100-636850fe-7296&#8243;][vc_column_text]Si falta contenido del paquete, puede comunicarse con servicio al cliente al 844-364-2502 o contact@castico-tx.com y le enviaremos los art\u00edculos faltantes.[\/vc_column_text][\/vc_tta_section][vc_tta_section title=&#8221;\u00bfQu\u00e9 desag\u00fce se recomienda para la instalaci\u00f3n?&#8221; tab_id=&#8221;1702222996103-1cb795d2-8a2a&#8221;][vc_column_text]La abertura de drenaje es compatible con 2 pulg. Para desag\u00fces est\u00e1ndar, se recomienda el desag\u00fce de ducha OATEY con 4-1\/4 pulg. Broche redondo. Home Depot Sku# 1003316826[\/vc_column_text][\/vc_tta_section][vc_tta_section title=&#8221;\u00bfPuedo usar adhesivo de construcci\u00f3n?&#8221; tab_id=&#8221;1702223033478-d369d887-d37d&#8221;][vc_column_text]S\u00ed, puede utilizar adhesivo de construcci\u00f3n para instalar la base y las paredes de la regadera.[\/vc_column_text][\/vc_tta_section][vc_tta_section title=&#8221;\u00bfPuedo recortar la base y las paredes de mi base de regadera?&#8221; tab_id=&#8221;1702223058094-9650f1a8-af71&#8243;][vc_column_text]S\u00ed, las Bases de Regadera Castico se pueden recortar 1-1\/2 \u2033 en cada lado. Las paredes de la regadera pueden recortarse 1\/2\u2033 a cada lado.[\/vc_column_text][\/vc_tta_section][vc_tta_section title=&#8221;\u00bfQu\u00e9 tipo de hoja de sierra se recomienda para recortar?&#8221; tab_id=&#8221;1702223084330-e449bec1-c415&#8243;][vc_column_text]Recomendamos una sierra para azulejos h\u00fameda para recortar. Si utiliza una sierra circular, se recomienda una hoja de diamante para baldosas. Tambi\u00e9n puede comunicarse con su Home Depot local para alquilar equipos.[\/vc_column_text][\/vc_tta_section][vc_tta_section title=&#8221;\u00bfLa base de la ducha funcionar\u00e1 como ducha para discapacitados y soportar\u00e1 el peso de una silla de ruedas?&#8221; tab_id=&#8221;1702223112490-d95112b2-c29c&#8221;][vc_column_text]La base de la regadera tiene una entrada de perfil bajo de 1-1\/8\u201d o se puede instalar a ras del piso. S\u00ed, puede soportar el peso de una silla de ruedas.[\/vc_column_text][\/vc_tta_section][vc_tta_section title=&#8221;Mi configuraci\u00f3n de regadera tiene 4 paredes, \u00bfpuedo obtener una brida adicional?&#8221; tab_id=&#8221;1702223147722-e5ca442b-4754&#8243;][vc_column_text]S\u00ed, puede solicitar uno comunic\u00e1ndose con servicio al cliente al 844-364-2502 o contact@castico-tx.com[\/vc_column_text][\/vc_tta_section][vc_tta_section title=&#8221;\u00bfSe pueden comprar paneles de regadera adicionales?&#8221; tab_id=&#8221;1702223185267-a51458de-0a07&#8243;][vc_column_text]P\u00f3ngase en contacto con el servicio de atenci\u00f3n al cliente en el 844-364-2502 o en contact@castico-tx.com.[\/vc_column_text][\/vc_tta_section][vc_tta_section title=&#8221;\u00bfPuedo a\u00f1adir estantes a las paredes de regadera CASTICO?&#8221; tab_id=&#8221;1702223215271-5bdebe4d-997b&#8221;][vc_column_text]S\u00ed, las paredes de regadera Castico se pueden perforar para instalar accesorios.[\/vc_column_text][\/vc_tta_section][\/vc_tta_accordion][\/vc_column][\/vc_row]\n<\/div>","protected":false},"excerpt":{"rendered":"<p>[vc_row equal_height=&#8221;yes&#8221; content_placement=&#8221;middle&#8221; type=&#8221;full_width_background&#8221; full_screen_row_position=&#8221;middle&#8221; column_margin=&#8221;default&#8221; column_direction=&#8221;default&#8221; column_direction_tablet=&#8221;default&#8221; column_direction_phone=&#8221;default&#8221; scene_position=&#8221;center&#8221; top_padding=&#8221;7%&#8221; constrain_group_1=&#8221;yes&#8221; bottom_padding=&#8221;7%&#8221; text_color=&#8221;dark&#8221; text_align=&#8221;left&#8221; [&hellip;]<\/p>\n","protected":false},"author":1,"featured_media":0,"parent":0,"menu_order":0,"comment_status":"closed","ping_status":"closed","template":"","meta":{"footnotes":""},"class_list":["post-2709","page","type-page","status-publish","hentry"],"_links":{"self":[{"href":"https:\/\/castinginternationalcomposites.com\/es\/wp-json\/wp\/v2\/pages\/2709","targetHints":{"allow":["GET"]}}],"collection":[{"href":"https:\/\/castinginternationalcomposites.com\/es\/wp-json\/wp\/v2\/pages"}],"about":[{"href":"https:\/\/castinginternationalcomposites.com\/es\/wp-json\/wp\/v2\/types\/page"}],"author":[{"embeddable":true,"href":"https:\/\/castinginternationalcomposites.com\/es\/wp-json\/wp\/v2\/users\/1"}],"replies":[{"embeddable":true,"href":"https:\/\/castinginternationalcomposites.com\/es\/wp-json\/wp\/v2\/comments?post=2709"}],"version-history":[{"count":6,"href":"https:\/\/castinginternationalcomposites.com\/es\/wp-json\/wp\/v2\/pages\/2709\/revisions"}],"predecessor-version":[{"id":5341,"href":"https:\/\/castinginternationalcomposites.com\/es\/wp-json\/wp\/v2\/pages\/2709\/revisions\/5341"}],"wp:attachment":[{"href":"https:\/\/castinginternationalcomposites.com\/es\/wp-json\/wp\/v2\/media?parent=2709"}],"curies":[{"name":"wp","href":"https:\/\/api.w.org\/{rel}","templated":true}]}}